{"id":5614,"date":"2022-06-15T09:24:04","date_gmt":"2022-06-15T06:24:04","guid":{"rendered":"https:\/\/oppisopimus.fi\/materiaalit-ja-esitteet\/"},"modified":"2024-05-20T14:57:46","modified_gmt":"2024-05-20T11:57:46","slug":"materiaalit-ja-esitteet","status":"publish","type":"page","link":"https:\/\/oppisopimusfi-wp16282.test.cchosting.fi\/sv\/materiaalit-ja-esitteet\/","title":{"rendered":"Material och broschyrer"},"content":{"rendered":"<p><span lang=\"SV\">H\u00e4r hittar du alla uppdaterade broschyrer och annat publicerat material som uppladdningsbara pdf-filer. Det \u00e4r fritt att anv\u00e4nda materialet.<\/span><\/p>\n<p><a href=\"https:\/\/oppisopimus.fi\/wp-content\/uploads\/2022\/06\/mentorinmanuaali2022_sve.pdf\">Manual f\u00f6r mentorer 2022<\/a><\/p>\n<p><a href=\"https:\/\/oppisopimus.fi\/wp-content\/uploads\/2022\/06\/Yrittajyyden_kriteerit_SVE.pdf\">F\u00f6retagandets kriterier i l\u00e4roavtalsutbildning f\u00f6r f\u00f6retagare 2022<\/a><\/p>\n<p><a href=\"https:\/\/oppisopimus.fi\/wp-content\/uploads\/2022\/10\/palvelupolku_SV.pdf\">F\u00f6retagarens l\u00e4roavtal-utbildningens servicestig 2022<\/a><\/p>\n<p><a href=\"https:\/\/www.esitteemme.fi\/oppisopineet\/WebView\/\">Elektroniska broschyr (2023-2025)<\/a><\/p>\n","protected":false},"excerpt":{"rendered":"<p>H\u00e4r hittar du alla uppdaterade broschyrer och annat publicerat material som uppladdningsbara pdf-filer. Det \u00e4r fritt att anv\u00e4nda materialet. Manual f\u00f6r mentorer 2022 F\u00f6retagandets kriterier i l\u00e4roavtalsutbildning f\u00f6r f\u00f6retagare 2022 F\u00f6retagarens l\u00e4roavtal-utbildningens servicestig 2022 Elektroniska broschyr (2023-2025)<\/p>\n","protected":false},"author":18,"featured_media":0,"parent":0,"menu_order":0,"comment_status":"closed","ping_status":"closed","template":"","meta":{"_acf_changed":false,"footnotes":""},"acf":[],"yoast_head":"<title>Material och broschyrer - Oppisopimus<\/title>\n<meta name=\"robots\" content=\"index, follow, max-snippet:-1, max-image-preview:large, max-video-preview:-1\" \/>\n<link rel=\"canonical\" href=\"https:\/\/oppisopimus.fi\/sv\/materiaalit-ja-esitteet\/\" \/>\n<meta property=\"og:locale\" content=\"sv_SE\" \/>\n<meta property=\"og:type\" content=\"article\" \/>\n<meta property=\"og:title\" content=\"Material och broschyrer - Oppisopimus\" \/>\n<meta property=\"og:description\" content=\"H\u00e4r hittar du alla uppdaterade broschyrer och annat publicerat material som uppladdningsbara pdf-filer. Det \u00e4r fritt att anv\u00e4nda materialet. Manual f\u00f6r mentorer 2022 F\u00f6retagandets kriterier i l\u00e4roavtalsutbildning f\u00f6r f\u00f6retagare 2022 F\u00f6retagarens l\u00e4roavtal-utbildningens servicestig 2022 Elektroniska broschyr (2023-2025)\" \/>\n<meta property=\"og:url\" content=\"https:\/\/oppisopimus.fi\/sv\/materiaalit-ja-esitteet\/\" \/>\n<meta property=\"og:site_name\" content=\"Oppisopimus\" \/>\n<meta property=\"article:publisher\" content=\"https:\/\/www.facebook.com\/oppisopimus.fi\/\" \/>\n<meta property=\"article:modified_time\" content=\"2024-05-20T11:57:46+00:00\" \/>\n<meta property=\"og:image\" content=\"https:\/\/oppisopimusfi-wp16282.test.cchosting.fi\/wp-content\/uploads\/2016\/09\/oppisopimus_fb.jpg\" \/>\n\t<meta property=\"og:image:width\" content=\"1860\" \/>\n\t<meta property=\"og:image:height\" content=\"970\" \/>\n\t<meta property=\"og:image:type\" content=\"image\/jpeg\" \/>\n<meta name=\"twitter:card\" content=\"summary_large_image\" \/>\n<meta name=\"twitter:site\" content=\"@oppisopimusfi\" \/>\n<meta name=\"twitter:label1\" content=\"Ber\u00e4knad l\u00e4stid\" \/>\n\t<meta name=\"twitter:data1\" content=\"1 minut\" \/>\n<script type=\"application\/ld+json\" class=\"yoast-schema-graph\">{\"@context\":\"https:\/\/schema.org\",\"@graph\":[{\"@type\":\"WebPage\",\"@id\":\"https:\/\/oppisopimus.fi\/sv\/materiaalit-ja-esitteet\/\",\"url\":\"https:\/\/oppisopimus.fi\/sv\/materiaalit-ja-esitteet\/\",\"name\":\"Material och broschyrer - Oppisopimus\",\"isPartOf\":{\"@id\":\"https:\/\/oppisopimus.fi\/#website\"},\"datePublished\":\"2022-06-15T06:24:04+00:00\",\"dateModified\":\"2024-05-20T11:57:46+00:00\",\"breadcrumb\":{\"@id\":\"https:\/\/oppisopimus.fi\/sv\/materiaalit-ja-esitteet\/#breadcrumb\"},\"inLanguage\":\"sv-SE\",\"potentialAction\":[{\"@type\":\"ReadAction\",\"target\":[\"https:\/\/oppisopimus.fi\/sv\/materiaalit-ja-esitteet\/\"]}]},{\"@type\":\"BreadcrumbList\",\"@id\":\"https:\/\/oppisopimus.fi\/sv\/materiaalit-ja-esitteet\/#breadcrumb\",\"itemListElement\":[{\"@type\":\"ListItem\",\"position\":1,\"name\":\"Home\",\"item\":\"https:\/\/oppisopimus.fi\/sv\/\"},{\"@type\":\"ListItem\",\"position\":2,\"name\":\"Material och broschyrer\"}]},{\"@type\":\"WebSite\",\"@id\":\"https:\/\/oppisopimus.fi\/#website\",\"url\":\"https:\/\/oppisopimus.fi\/\",\"name\":\"Oppisopimus\",\"description\":\"\",\"potentialAction\":[{\"@type\":\"SearchAction\",\"target\":{\"@type\":\"EntryPoint\",\"urlTemplate\":\"https:\/\/oppisopimus.fi\/search\/{search_term_string}\"},\"query-input\":\"required name=search_term_string\"}],\"inLanguage\":\"sv-SE\"}]}<\/script>","yoast_head_json":{"title":"Material och broschyrer - Oppisopimus","robots":{"index":"index","follow":"follow","max-snippet":"max-snippet:-1","max-image-preview":"max-image-preview:large","max-video-preview":"max-video-preview:-1"},"canonical":"https:\/\/oppisopimus.fi\/sv\/materiaalit-ja-esitteet\/","og_locale":"sv_SE","og_type":"article","og_title":"Material och broschyrer - Oppisopimus","og_description":"H\u00e4r hittar du alla uppdaterade broschyrer och annat publicerat material som uppladdningsbara pdf-filer. Det \u00e4r fritt att anv\u00e4nda materialet. Manual f\u00f6r mentorer 2022 F\u00f6retagandets kriterier i l\u00e4roavtalsutbildning f\u00f6r f\u00f6retagare 2022 F\u00f6retagarens l\u00e4roavtal-utbildningens servicestig 2022 Elektroniska broschyr (2023-2025)","og_url":"https:\/\/oppisopimus.fi\/sv\/materiaalit-ja-esitteet\/","og_site_name":"Oppisopimus","article_publisher":"https:\/\/www.facebook.com\/oppisopimus.fi\/","article_modified_time":"2024-05-20T11:57:46+00:00","og_image":[{"width":1860,"height":970,"url":"https:\/\/oppisopimusfi-wp16282.test.cchosting.fi\/wp-content\/uploads\/2016\/09\/oppisopimus_fb.jpg","type":"image\/jpeg"}],"twitter_card":"summary_large_image","twitter_site":"@oppisopimusfi","twitter_misc":{"Ber\u00e4knad l\u00e4stid":"1 minut"},"schema":{"@context":"https:\/\/schema.org","@graph":[{"@type":"WebPage","@id":"https:\/\/oppisopimus.fi\/sv\/materiaalit-ja-esitteet\/","url":"https:\/\/oppisopimus.fi\/sv\/materiaalit-ja-esitteet\/","name":"Material och broschyrer - Oppisopimus","isPartOf":{"@id":"https:\/\/oppisopimus.fi\/#website"},"datePublished":"2022-06-15T06:24:04+00:00","dateModified":"2024-05-20T11:57:46+00:00","breadcrumb":{"@id":"https:\/\/oppisopimus.fi\/sv\/materiaalit-ja-esitteet\/#breadcrumb"},"inLanguage":"sv-SE","potentialAction":[{"@type":"ReadAction","target":["https:\/\/oppisopimus.fi\/sv\/materiaalit-ja-esitteet\/"]}]},{"@type":"BreadcrumbList","@id":"https:\/\/oppisopimus.fi\/sv\/materiaalit-ja-esitteet\/#breadcrumb","itemListElement":[{"@type":"ListItem","position":1,"name":"Home","item":"https:\/\/oppisopimus.fi\/sv\/"},{"@type":"ListItem","position":2,"name":"Material och broschyrer"}]},{"@type":"WebSite","@id":"https:\/\/oppisopimus.fi\/#website","url":"https:\/\/oppisopimus.fi\/","name":"Oppisopimus","description":"","potentialAction":[{"@type":"SearchAction","target":{"@type":"EntryPoint","urlTemplate":"https:\/\/oppisopimus.fi\/search\/{search_term_string}"},"query-input":"required name=search_term_string"}],"inLanguage":"sv-SE"}]}},"_links":{"self":[{"href":"https:\/\/oppisopimusfi-wp16282.test.cchosting.fi\/sv\/wp-json\/wp\/v2\/pages\/5614"}],"collection":[{"href":"https:\/\/oppisopimusfi-wp16282.test.cchosting.fi\/sv\/wp-json\/wp\/v2\/pages"}],"about":[{"href":"https:\/\/oppisopimusfi-wp16282.test.cchosting.fi\/sv\/wp-json\/wp\/v2\/types\/page"}],"author":[{"embeddable":true,"href":"https:\/\/oppisopimusfi-wp16282.test.cchosting.fi\/sv\/wp-json\/wp\/v2\/users\/18"}],"replies":[{"embeddable":true,"href":"https:\/\/oppisopimusfi-wp16282.test.cchosting.fi\/sv\/wp-json\/wp\/v2\/comments?post=5614"}],"version-history":[{"count":20,"href":"https:\/\/oppisopimusfi-wp16282.test.cchosting.fi\/sv\/wp-json\/wp\/v2\/pages\/5614\/revisions"}],"predecessor-version":[{"id":6851,"href":"https:\/\/oppisopimusfi-wp16282.test.cchosting.fi\/sv\/wp-json\/wp\/v2\/pages\/5614\/revisions\/6851"}],"wp:attachment":[{"href":"https:\/\/oppisopimusfi-wp16282.test.cchosting.fi\/sv\/wp-json\/wp\/v2\/media?parent=5614"}],"curies":[{"name":"wp","href":"https:\/\/api.w.org\/{rel}","templated":true}]}}