{"id":2684,"date":"2016-09-06T15:19:04","date_gmt":"2016-09-06T12:19:04","guid":{"rendered":"https:\/\/oppisopimusfi-wp16282.test.cchosting.fi\/hae-jasenyytta\/"},"modified":"2023-10-03T15:11:34","modified_gmt":"2023-10-03T12:11:34","slug":"ansok_om_medlemskap","status":"publish","type":"page","link":"https:\/\/oppisopimusfi-wp16282.test.cchosting.fi\/sv\/ansok_om_medlemskap\/","title":{"rendered":"Ans\u00f6k om medlemskap"},"content":{"rendered":"<p>F\u00f6reningens medlemmar \u00e4r egentliga medlemmar och underst\u00f6dsmedlemmar. Till f\u00f6reningens egentliga medlemmar kan godk\u00e4nnas person, registrerat samfund eller stiftelse, som godk\u00e4nner f\u00f6reningens syfte.<\/p>\n<p><strong>Person<br \/>\n<\/strong>Personmedlem = 1 r\u00f6st; personmedlemmen kan inte med fullmakt flytta sin r\u00f6st \u00e5t en annan person.<\/p>\n<p><strong>Registrerat samfund eller stiftelse<\/strong><\/p>\n<p>Registrerat samfund eller stiftelse<br \/>\nSamfundsmedlem;<br \/>\nSamfundsmedlemmens antal r\u00f6ster best\u00e4ms utg\u00e5ende fr\u00e5n m\u00e4ngden anm\u00e4ld l\u00e4roavtalspersonal s\u00e5 att man har en r\u00f6st per anm\u00e4ld person<\/p>\n<p>Efter f\u00f6reningens \u00e5rsm\u00f6te 2019 och de nya stadgarna (3\u00a7):<br \/>\nhar egentlig samfundsmedlem enligt medlemsavgiftsklass antingen 5 r\u00f6ster (under 1000 s\u00e5), 10 r\u00f6ster (1000-2000 s\u00e5) eller 15 r\u00f6ster (\u00f6ver 2000 s\u00e5).<\/p>\n<p>F\u00f6r att kunna anv\u00e4nda samfundsmedlemmens r\u00f6ster vid f\u00f6reningen m\u00f6te, m\u00e5ste samfundsmedlemmen ge en fullmakt i \u00e4rendet i fr\u00e5ga till namngiven person.<\/p>\n<p>Till underst\u00f6dsmedlem kan antas privat eller juridisk person, som ekonomiskt eller p\u00e5 annat s\u00e4tt st\u00f6der f\u00f6reningens verksamhet. Underst\u00f6dsmedlem har ingen r\u00f6str\u00e4tt.<\/p>\n<p>Egentliga och underst\u00f6dsmedlemmar betalar av \u00e5rsm\u00f6tet fastslagna anslutnings- och medlemsavgifter.<\/p>\n<p>Om antagning av egentlig och underst\u00f6dsmedlem besluter f\u00f6reningens styrelse.<\/p>\n<p>&nbsp;<\/p>\n<p>&nbsp;<\/p>\n","protected":false},"excerpt":{"rendered":"<p>F\u00f6reningens medlemmar \u00e4r egentliga medlemmar och underst\u00f6dsmedlemmar. Till f\u00f6reningens egentliga medlemmar kan godk\u00e4nnas person, registrerat samfund eller stiftelse, som godk\u00e4nner f\u00f6reningens syfte. Person Personmedlem = 1 r\u00f6st; personmedlemmen kan inte med fullmakt flytta sin r\u00f6st \u00e5t en annan person. Registrerat samfund eller stiftelse Registrerat samfund eller stiftelse Samfundsmedlem; Samfundsmedlemmens antal r\u00f6ster best\u00e4ms utg\u00e5ende fr\u00e5n m\u00e4ngden &hellip; <a href=\"https:\/\/oppisopimusfi-wp16282.test.cchosting.fi\/sv\/ansok_om_medlemskap\/\">L\u00e4s mer<\/a><\/p>\n","protected":false},"author":4,"featured_media":0,"parent":0,"menu_order":0,"comment_status":"closed","ping_status":"closed","template":"","meta":{"_acf_changed":false,"footnotes":""},"acf":[],"yoast_head":"<title>Ans\u00f6k om medlemskap - Oppisopimus<\/title>\n<meta name=\"description\" content=\"OPSO \u2013 L\u00e4roavtalsutbildningsarrang\u00f6rerna i Finland rf \u00e4r en f\u00f6rening, som bl.a. befr\u00e4mja samarbetet mellan f\u00f6reningens medlemmar, f\u00f6rb\u00e4ttrar branschens allm\u00e4nna verksamhetsf\u00f6ruts\u00e4ttningar och befr\u00e4mja l\u00e4roavtalsstuderandes, arbetsgivarnas\/f\u00f6retagarnas och utbildningsorganisationernas gemensamma f\u00f6rm\u00e5ner.\" \/>\n<meta name=\"robots\" content=\"index, follow, max-snippet:-1, max-image-preview:large, max-video-preview:-1\" \/>\n<link rel=\"canonical\" href=\"https:\/\/oppisopimus.fi\/sv\/ansok_om_medlemskap\/\" \/>\n<meta property=\"og:locale\" content=\"sv_SE\" \/>\n<meta property=\"og:type\" content=\"article\" \/>\n<meta property=\"og:title\" content=\"Ans\u00f6k om medlemskap - Oppisopimus\" \/>\n<meta property=\"og:description\" content=\"OPSO \u2013 L\u00e4roavtalsutbildningsarrang\u00f6rerna i Finland rf \u00e4r en f\u00f6rening, som bl.a. befr\u00e4mja samarbetet mellan f\u00f6reningens medlemmar, f\u00f6rb\u00e4ttrar branschens allm\u00e4nna verksamhetsf\u00f6ruts\u00e4ttningar och befr\u00e4mja l\u00e4roavtalsstuderandes, arbetsgivarnas\/f\u00f6retagarnas och utbildningsorganisationernas gemensamma f\u00f6rm\u00e5ner.\" \/>\n<meta property=\"og:url\" content=\"https:\/\/oppisopimus.fi\/sv\/ansok_om_medlemskap\/\" \/>\n<meta property=\"og:site_name\" content=\"Oppisopimus\" \/>\n<meta property=\"article:publisher\" content=\"https:\/\/www.facebook.com\/oppisopimus.fi\/\" \/>\n<meta property=\"article:modified_time\" content=\"2023-10-03T12:11:34+00:00\" \/>\n<meta property=\"og:image\" content=\"https:\/\/oppisopimusfi-wp16282.test.cchosting.fi\/wp-content\/uploads\/2016\/09\/oppisopimus_fb.jpg\" \/>\n\t<meta property=\"og:image:width\" content=\"1860\" \/>\n\t<meta property=\"og:image:height\" content=\"970\" \/>\n\t<meta property=\"og:image:type\" content=\"image\/jpeg\" \/>\n<meta name=\"twitter:card\" content=\"summary_large_image\" \/>\n<meta name=\"twitter:site\" content=\"@oppisopimusfi\" \/>\n<meta name=\"twitter:label1\" content=\"Ber\u00e4knad l\u00e4stid\" \/>\n\t<meta name=\"twitter:data1\" content=\"1 minut\" \/>\n<script type=\"application\/ld+json\" class=\"yoast-schema-graph\">{\"@context\":\"https:\/\/schema.org\",\"@graph\":[{\"@type\":\"WebPage\",\"@id\":\"https:\/\/oppisopimus.fi\/sv\/ansok_om_medlemskap\/\",\"url\":\"https:\/\/oppisopimus.fi\/sv\/ansok_om_medlemskap\/\",\"name\":\"Ans\u00f6k om medlemskap - Oppisopimus\",\"isPartOf\":{\"@id\":\"https:\/\/oppisopimus.fi\/#website\"},\"datePublished\":\"2016-09-06T12:19:04+00:00\",\"dateModified\":\"2023-10-03T12:11:34+00:00\",\"description\":\"OPSO \u2013 L\u00e4roavtalsutbildningsarrang\u00f6rerna i Finland rf \u00e4r en f\u00f6rening, som bl.a. befr\u00e4mja samarbetet mellan f\u00f6reningens medlemmar, f\u00f6rb\u00e4ttrar branschens allm\u00e4nna verksamhetsf\u00f6ruts\u00e4ttningar och befr\u00e4mja l\u00e4roavtalsstuderandes, arbetsgivarnas\/f\u00f6retagarnas och utbildningsorganisationernas gemensamma f\u00f6rm\u00e5ner.\",\"breadcrumb\":{\"@id\":\"https:\/\/oppisopimus.fi\/sv\/ansok_om_medlemskap\/#breadcrumb\"},\"inLanguage\":\"sv-SE\",\"potentialAction\":[{\"@type\":\"ReadAction\",\"target\":[\"https:\/\/oppisopimus.fi\/sv\/ansok_om_medlemskap\/\"]}]},{\"@type\":\"BreadcrumbList\",\"@id\":\"https:\/\/oppisopimus.fi\/sv\/ansok_om_medlemskap\/#breadcrumb\",\"itemListElement\":[{\"@type\":\"ListItem\",\"position\":1,\"name\":\"Home\",\"item\":\"https:\/\/oppisopimus.fi\/sv\/\"},{\"@type\":\"ListItem\",\"position\":2,\"name\":\"Ans\u00f6k om medlemskap\"}]},{\"@type\":\"WebSite\",\"@id\":\"https:\/\/oppisopimus.fi\/#website\",\"url\":\"https:\/\/oppisopimus.fi\/\",\"name\":\"Oppisopimus\",\"description\":\"\",\"potentialAction\":[{\"@type\":\"SearchAction\",\"target\":{\"@type\":\"EntryPoint\",\"urlTemplate\":\"https:\/\/oppisopimus.fi\/search\/{search_term_string}\"},\"query-input\":\"required name=search_term_string\"}],\"inLanguage\":\"sv-SE\"}]}<\/script>","yoast_head_json":{"title":"Ans\u00f6k om medlemskap - Oppisopimus","description":"OPSO \u2013 L\u00e4roavtalsutbildningsarrang\u00f6rerna i Finland rf \u00e4r en f\u00f6rening, som bl.a. befr\u00e4mja samarbetet mellan f\u00f6reningens medlemmar, f\u00f6rb\u00e4ttrar branschens allm\u00e4nna verksamhetsf\u00f6ruts\u00e4ttningar och befr\u00e4mja l\u00e4roavtalsstuderandes, arbetsgivarnas\/f\u00f6retagarnas och utbildningsorganisationernas gemensamma f\u00f6rm\u00e5ner.","robots":{"index":"index","follow":"follow","max-snippet":"max-snippet:-1","max-image-preview":"max-image-preview:large","max-video-preview":"max-video-preview:-1"},"canonical":"https:\/\/oppisopimus.fi\/sv\/ansok_om_medlemskap\/","og_locale":"sv_SE","og_type":"article","og_title":"Ans\u00f6k om medlemskap - Oppisopimus","og_description":"OPSO \u2013 L\u00e4roavtalsutbildningsarrang\u00f6rerna i Finland rf \u00e4r en f\u00f6rening, som bl.a. befr\u00e4mja samarbetet mellan f\u00f6reningens medlemmar, f\u00f6rb\u00e4ttrar branschens allm\u00e4nna verksamhetsf\u00f6ruts\u00e4ttningar och befr\u00e4mja l\u00e4roavtalsstuderandes, arbetsgivarnas\/f\u00f6retagarnas och utbildningsorganisationernas gemensamma f\u00f6rm\u00e5ner.","og_url":"https:\/\/oppisopimus.fi\/sv\/ansok_om_medlemskap\/","og_site_name":"Oppisopimus","article_publisher":"https:\/\/www.facebook.com\/oppisopimus.fi\/","article_modified_time":"2023-10-03T12:11:34+00:00","og_image":[{"width":1860,"height":970,"url":"https:\/\/oppisopimusfi-wp16282.test.cchosting.fi\/wp-content\/uploads\/2016\/09\/oppisopimus_fb.jpg","type":"image\/jpeg"}],"twitter_card":"summary_large_image","twitter_site":"@oppisopimusfi","twitter_misc":{"Ber\u00e4knad l\u00e4stid":"1 minut"},"schema":{"@context":"https:\/\/schema.org","@graph":[{"@type":"WebPage","@id":"https:\/\/oppisopimus.fi\/sv\/ansok_om_medlemskap\/","url":"https:\/\/oppisopimus.fi\/sv\/ansok_om_medlemskap\/","name":"Ans\u00f6k om medlemskap - Oppisopimus","isPartOf":{"@id":"https:\/\/oppisopimus.fi\/#website"},"datePublished":"2016-09-06T12:19:04+00:00","dateModified":"2023-10-03T12:11:34+00:00","description":"OPSO \u2013 L\u00e4roavtalsutbildningsarrang\u00f6rerna i Finland rf \u00e4r en f\u00f6rening, som bl.a. befr\u00e4mja samarbetet mellan f\u00f6reningens medlemmar, f\u00f6rb\u00e4ttrar branschens allm\u00e4nna verksamhetsf\u00f6ruts\u00e4ttningar och befr\u00e4mja l\u00e4roavtalsstuderandes, arbetsgivarnas\/f\u00f6retagarnas och utbildningsorganisationernas gemensamma f\u00f6rm\u00e5ner.","breadcrumb":{"@id":"https:\/\/oppisopimus.fi\/sv\/ansok_om_medlemskap\/#breadcrumb"},"inLanguage":"sv-SE","potentialAction":[{"@type":"ReadAction","target":["https:\/\/oppisopimus.fi\/sv\/ansok_om_medlemskap\/"]}]},{"@type":"BreadcrumbList","@id":"https:\/\/oppisopimus.fi\/sv\/ansok_om_medlemskap\/#breadcrumb","itemListElement":[{"@type":"ListItem","position":1,"name":"Home","item":"https:\/\/oppisopimus.fi\/sv\/"},{"@type":"ListItem","position":2,"name":"Ans\u00f6k om medlemskap"}]},{"@type":"WebSite","@id":"https:\/\/oppisopimus.fi\/#website","url":"https:\/\/oppisopimus.fi\/","name":"Oppisopimus","description":"","potentialAction":[{"@type":"SearchAction","target":{"@type":"EntryPoint","urlTemplate":"https:\/\/oppisopimus.fi\/search\/{search_term_string}"},"query-input":"required name=search_term_string"}],"inLanguage":"sv-SE"}]}},"_links":{"self":[{"href":"https:\/\/oppisopimusfi-wp16282.test.cchosting.fi\/sv\/wp-json\/wp\/v2\/pages\/2684"}],"collection":[{"href":"https:\/\/oppisopimusfi-wp16282.test.cchosting.fi\/sv\/wp-json\/wp\/v2\/pages"}],"about":[{"href":"https:\/\/oppisopimusfi-wp16282.test.cchosting.fi\/sv\/wp-json\/wp\/v2\/types\/page"}],"author":[{"embeddable":true,"href":"https:\/\/oppisopimusfi-wp16282.test.cchosting.fi\/sv\/wp-json\/wp\/v2\/users\/4"}],"replies":[{"embeddable":true,"href":"https:\/\/oppisopimusfi-wp16282.test.cchosting.fi\/sv\/wp-json\/wp\/v2\/comments?post=2684"}],"version-history":[{"count":12,"href":"https:\/\/oppisopimusfi-wp16282.test.cchosting.fi\/sv\/wp-json\/wp\/v2\/pages\/2684\/revisions"}],"predecessor-version":[{"id":6538,"href":"https:\/\/oppisopimusfi-wp16282.test.cchosting.fi\/sv\/wp-json\/wp\/v2\/pages\/2684\/revisions\/6538"}],"wp:attachment":[{"href":"https:\/\/oppisopimusfi-wp16282.test.cchosting.fi\/sv\/wp-json\/wp\/v2\/media?parent=2684"}],"curies":[{"name":"wp","href":"https:\/\/api.w.org\/{rel}","templated":true}]}}