{"id":2680,"date":"2016-09-06T14:11:20","date_gmt":"2016-09-06T11:11:20","guid":{"rendered":"https:\/\/oppisopimusfi-wp16282.test.cchosting.fi\/hallitus\/"},"modified":"2023-10-03T15:06:05","modified_gmt":"2023-10-03T12:06:05","slug":"styrelse","status":"publish","type":"page","link":"https:\/\/oppisopimusfi-wp16282.test.cchosting.fi\/sv\/styrelse\/","title":{"rendered":"L\u00e4roavtalssakkunniga i Finland rf, styrelsen \u00e5r 2023"},"content":{"rendered":"<h2><strong>Puheenjohtaja \/ Ordf\u00f6rande<br \/>\n<\/strong><\/h2>\n<p><strong>Anna Mari Leinonen<\/strong><\/p>\n<p>Keski-Uudenmaan koulutuskuntayhtym\u00e4 Keuda, rehtori<strong><br \/>\n<\/strong><span class=\"ui-provider gp b c d e f g h i j k l m n o p q r s t u v w x y z ab ac ae af ag ah ai aj ak\" dir=\"ltr\">Sibeliuksenv\u00e4yl\u00e4 55a 04400 J\u00e4rvenp\u00e4\u00e4<\/span><strong><span class=\"ui-provider gp b c d e f g h i j k l m n o p q r s t u v w x y z ab ac ae af ag ah ai aj ak\" dir=\"ltr\"><br \/>\n<\/span><\/strong><span class=\"ui-provider gp b c d e f g h i j k l m n o p q r s t u v w x y z ab ac ae af ag ah ai aj ak\" dir=\"ltr\">Puh 040 1744523<br \/>\nannamari.leinonen(at)keuda.fi<\/span><\/p>\n<h2><strong>Hallituksen j\u00e4senet \/ Styrelsemedlemmar<br \/>\n<\/strong><\/h2>\n<p><span class=\"ui-provider gp b c d e f g h i j k l m n o p q r s t u v w x y z ab ac ae af ag ah ai aj ak\" dir=\"ltr\"><strong>Anu Ahola<\/strong><br \/>\nKoulutuskuntayhtym\u00e4 OSAO, Kempeleen-Limingan yksikk\u00f6<br \/>\nNiittyrannantie 5<br \/>\n90440 Kempele<br \/>\npuh. 050 433 2871<br \/>\nanu.ahola(at)osao.fi<\/span><\/p>\n<p><strong>Satu Ahopelto<\/strong><br \/>\n<span class=\"ui-provider gp b c d e f g h i j k l m n o p q r s t u v w x y z ab ac ae af ag ah ai aj ak\" dir=\"ltr\">Yrityspalvelup\u00e4\u00e4llikk\u00f6<br \/>\nSedu, yritys- ja ty\u00f6el\u00e4m\u00e4palvelut<br \/>\n<\/span><span class=\"ui-provider gp b c d e f g h i j k l m n o p q r s t u v w x y z ab ac ae af ag ah ai aj ak\" dir=\"ltr\">Rastaantaival 2<br \/>\n60200 Sein\u00e4joki<br \/>\npuh. 040 868 0800<br \/>\nsatu.ahopelto(at)sedu.fi<\/span><\/p>\n<p><strong>Margit-Kristi Gasbarra<\/strong><br \/>\nHelsingin kaupunki<br \/>\nStadin ammatti- ja aikuisopisto<br \/>\nOppisopimuspalvelut<br \/>\nPL 51309 (k\u00e4yntiosoite Teollisuuskatu 23)<br \/>\n00099 Helsingin kaupunki<br \/>\nPuh. 09 310 83227, +358 50 322 6860<br \/>\nmargit.gasbarra(at)hel.fi<\/p>\n<p><strong>Liisa Klinge <\/strong><br \/>\nTampereen seudun ammattiopisto Tredu, Yritys- ja ty\u00f6nantajapalvelut, Oppisopimuspalvelut<br \/>\nPuh. 050 540 5309<br \/>\nHepolamminkatu 10<br \/>\n33720 TAMPERE<br \/>\nliisa.klinge(at)tampere.fi<\/p>\n<p><strong>Marja Kivivuori<br \/>\n<\/strong>SASKY koulutusyhtym\u00e4, oppisopimus- ja ty\u00f6el\u00e4m\u00e4palvelut<br \/>\nPuh. 040 480 66 58<br \/>\nKoulukatu 18<br \/>\n33200 TAMPERE<br \/>\nmarja.kivivuori(at)sasky.fi<\/p>\n<p><strong>Jouni Kyll\u00f6nen<\/strong><br \/>\nTaitotalo<br \/>\nPuh. 050 5416643<br \/>\nValimotie 8<br \/>\n00380 HELSINKI<br \/>\njouni.kyllonen(at)taitotalo.fi<\/p>\n<p><strong>Nella Niemel\u00e4, sihteeri \/ sekreterare<\/strong><br \/>\nAva-akatemia<br \/>\nPuh. 0400 7922 41<br \/>\nHitsaajankatu 20<br \/>\n00810 Helsinki<br \/>\nnella.niemela(at)akatemia.fi<\/p>\n<p><strong>Maija Savolainen<br \/>\n<\/strong>Savon ammattiopisto \/ Sakky Yrityspalvelut<br \/>\nPuh. 044 785 3545<br \/>\nSammakkolammentie 2<br \/>\nPL 87<br \/>\n70101 KUOPIO<br \/>\nmaija.savolainen(at)sakky.fi<\/p>\n<p><strong>Marjo Selkinen<\/strong><br \/>\nRastor-instituutti, tutkinto- ja oppisopimuspalvelut<br \/>\nPuh. 040 547 4731<br \/>\nRevontulentie 7<br \/>\nESPOO<br \/>\nmarjo.selkinen(at)rastorinst.fi<\/p>\n<p><strong>Heli Skantz <\/strong><br \/>\nPohjoisen Keski-Suomen ammattiopisto, POKE \/ Ty\u00f6el\u00e4m\u00e4palvelut<br \/>\nPuh. 040 766 4063<br \/>\nPiilolantie 17<br \/>\nPL 41<br \/>\n44100 \u00c4\u00c4NEKOSKI<br \/>\nheli.skantz(at)poke.fi<\/p>\n<p><strong>Merja Tuomola<\/strong><br \/>\nSatakunnan koulutuskuntayhtym\u00e4, Sataedu, oppisopimus<br \/>\npuh. 040 199 4109<br \/>\nPL 87<br \/>\nSuoratie 1<br \/>\n32800 KOKEM\u00c4KI<br \/>\nmerja.tuomola(at)sataedu.fi<\/p>\n<p><strong><span class=\"ui-provider gp b c d e f g h i j k l m n o p q r s t u v w x y z ab ac ae af ag ah ai aj ak\" dir=\"ltr\">Maria Wirtanen<br \/>\n<\/span><\/strong><span class=\"ui-provider gp b c d e f g h i j k l m n o p q r s t u v w x y z ab ac ae af ag ah ai aj ak\" dir=\"ltr\">Optima, L\u00e4roavtalsutbildning<br \/>\nPuh 044 7215333<br \/>\nTr\u00e4dg\u00e5rdsgatan 30<br \/>\n68600 Jakobstad<br \/>\nmaria.wirtane(at)optimaedu.fi<\/span><\/p>\n","protected":false},"excerpt":{"rendered":"<p>Puheenjohtaja \/ Ordf\u00f6rande Anna Mari Leinonen Keski-Uudenmaan koulutuskuntayhtym\u00e4 Keuda, rehtori Sibeliuksenv\u00e4yl\u00e4 55a 04400 J\u00e4rvenp\u00e4\u00e4 Puh 040 1744523 annamari.leinonen(at)keuda.fi Hallituksen j\u00e4senet \/ Styrelsemedlemmar Anu Ahola Koulutuskuntayhtym\u00e4 OSAO, Kempeleen-Limingan yksikk\u00f6 Niittyrannantie 5 90440 Kempele puh. 050 433 2871 anu.ahola(at)osao.fi Satu Ahopelto Yrityspalvelup\u00e4\u00e4llikk\u00f6 Sedu, yritys- ja ty\u00f6el\u00e4m\u00e4palvelut Rastaantaival 2 60200 Sein\u00e4joki puh. 040 868 0800 satu.ahopelto(at)sedu.fi Margit-Kristi Gasbarra &hellip; <a href=\"https:\/\/oppisopimusfi-wp16282.test.cchosting.fi\/sv\/styrelse\/\">L\u00e4s mer<\/a><\/p>\n","protected":false},"author":4,"featured_media":0,"parent":0,"menu_order":0,"comment_status":"closed","ping_status":"closed","template":"","meta":{"_acf_changed":false,"footnotes":""},"acf":[],"yoast_head":"<title>L\u00e4roavtalssakkunniga i Finland rf, styrelsen \u00e5r 2023 - Oppisopimus<\/title>\n<meta name=\"robots\" content=\"index, follow, max-snippet:-1, max-image-preview:large, max-video-preview:-1\" \/>\n<link rel=\"canonical\" href=\"https:\/\/oppisopimus.fi\/sv\/styrelse\/\" \/>\n<meta property=\"og:locale\" content=\"sv_SE\" \/>\n<meta property=\"og:type\" content=\"article\" \/>\n<meta property=\"og:title\" content=\"L\u00e4roavtalssakkunniga i Finland rf, styrelsen \u00e5r 2023 - Oppisopimus\" \/>\n<meta property=\"og:description\" content=\"Puheenjohtaja \/ Ordf\u00f6rande Anna Mari Leinonen Keski-Uudenmaan koulutuskuntayhtym\u00e4 Keuda, rehtori Sibeliuksenv\u00e4yl\u00e4 55a 04400 J\u00e4rvenp\u00e4\u00e4 Puh 040 1744523 annamari.leinonen(at)keuda.fi Hallituksen j\u00e4senet \/ Styrelsemedlemmar Anu Ahola Koulutuskuntayhtym\u00e4 OSAO, Kempeleen-Limingan yksikk\u00f6 Niittyrannantie 5 90440 Kempele puh. 050 433 2871 anu.ahola(at)osao.fi Satu Ahopelto Yrityspalvelup\u00e4\u00e4llikk\u00f6 Sedu, yritys- ja ty\u00f6el\u00e4m\u00e4palvelut Rastaantaival 2 60200 Sein\u00e4joki puh. 040 868 0800 satu.ahopelto(at)sedu.fi Margit-Kristi Gasbarra &hellip; L\u00e4s mer\" \/>\n<meta property=\"og:url\" content=\"https:\/\/oppisopimus.fi\/sv\/styrelse\/\" \/>\n<meta property=\"og:site_name\" content=\"Oppisopimus\" \/>\n<meta property=\"article:publisher\" content=\"https:\/\/www.facebook.com\/oppisopimus.fi\/\" \/>\n<meta property=\"article:modified_time\" content=\"2023-10-03T12:06:05+00:00\" \/>\n<meta property=\"og:image\" content=\"https:\/\/oppisopimusfi-wp16282.test.cchosting.fi\/wp-content\/uploads\/2016\/09\/oppisopimus_fb.jpg\" \/>\n\t<meta property=\"og:image:width\" content=\"1860\" \/>\n\t<meta property=\"og:image:height\" content=\"970\" \/>\n\t<meta property=\"og:image:type\" content=\"image\/jpeg\" \/>\n<meta name=\"twitter:card\" content=\"summary_large_image\" \/>\n<meta name=\"twitter:site\" content=\"@oppisopimusfi\" \/>\n<meta name=\"twitter:label1\" content=\"Ber\u00e4knad l\u00e4stid\" \/>\n\t<meta name=\"twitter:data1\" content=\"1 minut\" \/>\n<script type=\"application\/ld+json\" class=\"yoast-schema-graph\">{\"@context\":\"https:\/\/schema.org\",\"@graph\":[{\"@type\":\"WebPage\",\"@id\":\"https:\/\/oppisopimus.fi\/sv\/styrelse\/\",\"url\":\"https:\/\/oppisopimus.fi\/sv\/styrelse\/\",\"name\":\"L\u00e4roavtalssakkunniga i Finland rf, styrelsen \u00e5r 2023 - Oppisopimus\",\"isPartOf\":{\"@id\":\"https:\/\/oppisopimus.fi\/#website\"},\"datePublished\":\"2016-09-06T11:11:20+00:00\",\"dateModified\":\"2023-10-03T12:06:05+00:00\",\"breadcrumb\":{\"@id\":\"https:\/\/oppisopimus.fi\/sv\/styrelse\/#breadcrumb\"},\"inLanguage\":\"sv-SE\",\"potentialAction\":[{\"@type\":\"ReadAction\",\"target\":[\"https:\/\/oppisopimus.fi\/sv\/styrelse\/\"]}]},{\"@type\":\"BreadcrumbList\",\"@id\":\"https:\/\/oppisopimus.fi\/sv\/styrelse\/#breadcrumb\",\"itemListElement\":[{\"@type\":\"ListItem\",\"position\":1,\"name\":\"Home\",\"item\":\"https:\/\/oppisopimus.fi\/sv\/\"},{\"@type\":\"ListItem\",\"position\":2,\"name\":\"L\u00e4roavtalssakkunniga i Finland rf, styrelsen \u00e5r 2023\"}]},{\"@type\":\"WebSite\",\"@id\":\"https:\/\/oppisopimus.fi\/#website\",\"url\":\"https:\/\/oppisopimus.fi\/\",\"name\":\"Oppisopimus\",\"description\":\"\",\"potentialAction\":[{\"@type\":\"SearchAction\",\"target\":{\"@type\":\"EntryPoint\",\"urlTemplate\":\"https:\/\/oppisopimus.fi\/search\/{search_term_string}\"},\"query-input\":\"required name=search_term_string\"}],\"inLanguage\":\"sv-SE\"}]}<\/script>","yoast_head_json":{"title":"L\u00e4roavtalssakkunniga i Finland rf, styrelsen \u00e5r 2023 - Oppisopimus","robots":{"index":"index","follow":"follow","max-snippet":"max-snippet:-1","max-image-preview":"max-image-preview:large","max-video-preview":"max-video-preview:-1"},"canonical":"https:\/\/oppisopimus.fi\/sv\/styrelse\/","og_locale":"sv_SE","og_type":"article","og_title":"L\u00e4roavtalssakkunniga i Finland rf, styrelsen \u00e5r 2023 - Oppisopimus","og_description":"Puheenjohtaja \/ Ordf\u00f6rande Anna Mari Leinonen Keski-Uudenmaan koulutuskuntayhtym\u00e4 Keuda, rehtori Sibeliuksenv\u00e4yl\u00e4 55a 04400 J\u00e4rvenp\u00e4\u00e4 Puh 040 1744523 annamari.leinonen(at)keuda.fi Hallituksen j\u00e4senet \/ Styrelsemedlemmar Anu Ahola Koulutuskuntayhtym\u00e4 OSAO, Kempeleen-Limingan yksikk\u00f6 Niittyrannantie 5 90440 Kempele puh. 050 433 2871 anu.ahola(at)osao.fi Satu Ahopelto Yrityspalvelup\u00e4\u00e4llikk\u00f6 Sedu, yritys- ja ty\u00f6el\u00e4m\u00e4palvelut Rastaantaival 2 60200 Sein\u00e4joki puh. 040 868 0800 satu.ahopelto(at)sedu.fi Margit-Kristi Gasbarra &hellip; L\u00e4s mer","og_url":"https:\/\/oppisopimus.fi\/sv\/styrelse\/","og_site_name":"Oppisopimus","article_publisher":"https:\/\/www.facebook.com\/oppisopimus.fi\/","article_modified_time":"2023-10-03T12:06:05+00:00","og_image":[{"width":1860,"height":970,"url":"https:\/\/oppisopimusfi-wp16282.test.cchosting.fi\/wp-content\/uploads\/2016\/09\/oppisopimus_fb.jpg","type":"image\/jpeg"}],"twitter_card":"summary_large_image","twitter_site":"@oppisopimusfi","twitter_misc":{"Ber\u00e4knad l\u00e4stid":"1 minut"},"schema":{"@context":"https:\/\/schema.org","@graph":[{"@type":"WebPage","@id":"https:\/\/oppisopimus.fi\/sv\/styrelse\/","url":"https:\/\/oppisopimus.fi\/sv\/styrelse\/","name":"L\u00e4roavtalssakkunniga i Finland rf, styrelsen \u00e5r 2023 - Oppisopimus","isPartOf":{"@id":"https:\/\/oppisopimus.fi\/#website"},"datePublished":"2016-09-06T11:11:20+00:00","dateModified":"2023-10-03T12:06:05+00:00","breadcrumb":{"@id":"https:\/\/oppisopimus.fi\/sv\/styrelse\/#breadcrumb"},"inLanguage":"sv-SE","potentialAction":[{"@type":"ReadAction","target":["https:\/\/oppisopimus.fi\/sv\/styrelse\/"]}]},{"@type":"BreadcrumbList","@id":"https:\/\/oppisopimus.fi\/sv\/styrelse\/#breadcrumb","itemListElement":[{"@type":"ListItem","position":1,"name":"Home","item":"https:\/\/oppisopimus.fi\/sv\/"},{"@type":"ListItem","position":2,"name":"L\u00e4roavtalssakkunniga i Finland rf, styrelsen \u00e5r 2023"}]},{"@type":"WebSite","@id":"https:\/\/oppisopimus.fi\/#website","url":"https:\/\/oppisopimus.fi\/","name":"Oppisopimus","description":"","potentialAction":[{"@type":"SearchAction","target":{"@type":"EntryPoint","urlTemplate":"https:\/\/oppisopimus.fi\/search\/{search_term_string}"},"query-input":"required name=search_term_string"}],"inLanguage":"sv-SE"}]}},"_links":{"self":[{"href":"https:\/\/oppisopimusfi-wp16282.test.cchosting.fi\/sv\/wp-json\/wp\/v2\/pages\/2680"}],"collection":[{"href":"https:\/\/oppisopimusfi-wp16282.test.cchosting.fi\/sv\/wp-json\/wp\/v2\/pages"}],"about":[{"href":"https:\/\/oppisopimusfi-wp16282.test.cchosting.fi\/sv\/wp-json\/wp\/v2\/types\/page"}],"author":[{"embeddable":true,"href":"https:\/\/oppisopimusfi-wp16282.test.cchosting.fi\/sv\/wp-json\/wp\/v2\/users\/4"}],"replies":[{"embeddable":true,"href":"https:\/\/oppisopimusfi-wp16282.test.cchosting.fi\/sv\/wp-json\/wp\/v2\/comments?post=2680"}],"version-history":[{"count":13,"href":"https:\/\/oppisopimusfi-wp16282.test.cchosting.fi\/sv\/wp-json\/wp\/v2\/pages\/2680\/revisions"}],"predecessor-version":[{"id":6536,"href":"https:\/\/oppisopimusfi-wp16282.test.cchosting.fi\/sv\/wp-json\/wp\/v2\/pages\/2680\/revisions\/6536"}],"wp:attachment":[{"href":"https:\/\/oppisopimusfi-wp16282.test.cchosting.fi\/sv\/wp-json\/wp\/v2\/media?parent=2680"}],"curies":[{"name":"wp","href":"https:\/\/api.w.org\/{rel}","templated":true}]}}