{"id":2522,"date":"2017-09-25T14:19:27","date_gmt":"2017-09-25T11:19:27","guid":{"rendered":"https:\/\/oppisopimusfi-wp16282.test.cchosting.fi\/?page_id=2522\/"},"modified":"2018-09-03T16:17:38","modified_gmt":"2018-09-03T13:17:38","slug":"opso-laroavtalsutbildningsarrangorerna-finland-rf","status":"publish","type":"page","link":"https:\/\/oppisopimusfi-wp16282.test.cchosting.fi\/sv\/opso-laroavtalsutbildningsarrangorerna-finland-rf\/","title":{"rendered":"OPSO \u2013 L\u00e4roavtalssakkunniga i Finland rf."},"content":{"rendered":"<p>OPSO \u2013 L\u00e4roavtalsutbildningsarrang\u00f6rerna i Finland rf \u00e4r en f\u00f6rening, som bl.a. befr\u00e4mja samarbetet mellan f\u00f6reningens medlemmar, f\u00f6rb\u00e4ttrar branschens allm\u00e4nna verksamhetsf\u00f6ruts\u00e4ttningar och befr\u00e4mja l\u00e4roavtalsstuderandes, arbetsgivarnas\/f\u00f6retagarnas och utbildningsorganisationernas gemensamma f\u00f6rm\u00e5ner.<\/p>\n<p>&nbsp;<\/p>\n<p><strong>F\u00d6RENINGENS SYFTE \u00c4R ATT<\/strong><\/p>\n<ul>\n<li>Befr\u00e4mja f\u00f6reningens medlemmars samverksamhet och f\u00f6rb\u00e4ttra branschens allm\u00e4nna verksamhetsf\u00f6ruts\u00e4ttningar<\/li>\n<li>Befr\u00e4mja l\u00e4roavtalsstuderandes, arbetsgivares\/f\u00f6retagarnas och utbildningsorganisationernas allm\u00e4nna och gemensamma f\u00f6rdelar f\u00f6r l\u00e4roavtalsverksamheten<\/li>\n<li>F\u00f6reningen f\u00f6ljer med l\u00e4roavtalsutbildning och utvecklingen som st\u00f6der den.<\/li>\n<li>F\u00f6ljer med lagstiftning och g\u00f6r initiativ, f\u00f6rslag och ger utl\u00e5tanden, st\u00e4llningstaganden<\/li>\n<li>F\u00f6reningen arrangerar m\u00f6ten, utbildning, r\u00e5dpl\u00e4gningsdagar tillsammans eller skilt med UKM och UBS sakkunniga, utn\u00e4mner representanter inom l\u00e4roavtalsutbildning till arbetsgrupper och olika kommissioner p\u00e5 beg\u00e4ran av UKM, UBS och andra arbetsgrupper.<\/li>\n<li>F\u00f6reningen publicerar Osaaja-tidningen<\/li>\n<li>F\u00f6reningen kan ta emot donationer, testamenten f\u00f6r att st\u00f6da verksamheten kan f\u00f6reningen f\u00f6r sin verksamhet \u00e4ga \u00a0fast eller l\u00f6s egendom<\/li>\n<li>F\u00f6reningen kan arrangera lotterier och penninginsamlingar (tillst\u00e5nd)<\/li>\n<\/ul>\n","protected":false},"excerpt":{"rendered":"<p>OPSO \u2013 L\u00e4roavtalsutbildningsarrang\u00f6rerna i Finland rf \u00e4r en f\u00f6rening, som bl.a. befr\u00e4mja samarbetet mellan f\u00f6reningens medlemmar, f\u00f6rb\u00e4ttrar branschens allm\u00e4nna verksamhetsf\u00f6ruts\u00e4ttningar och befr\u00e4mja l\u00e4roavtalsstuderandes, arbetsgivarnas\/f\u00f6retagarnas och utbildningsorganisationernas gemensamma f\u00f6rm\u00e5ner. &nbsp; F\u00d6RENINGENS SYFTE \u00c4R ATT Befr\u00e4mja f\u00f6reningens medlemmars samverksamhet och f\u00f6rb\u00e4ttra branschens allm\u00e4nna verksamhetsf\u00f6ruts\u00e4ttningar Befr\u00e4mja l\u00e4roavtalsstuderandes, arbetsgivares\/f\u00f6retagarnas och utbildningsorganisationernas allm\u00e4nna och gemensamma f\u00f6rdelar f\u00f6r l\u00e4roavtalsverksamheten F\u00f6reningen f\u00f6ljer &hellip; <a href=\"https:\/\/oppisopimusfi-wp16282.test.cchosting.fi\/sv\/opso-laroavtalsutbildningsarrangorerna-finland-rf\/\">L\u00e4s mer<\/a><\/p>\n","protected":false},"author":7,"featured_media":0,"parent":0,"menu_order":0,"comment_status":"closed","ping_status":"closed","template":"","meta":{"_acf_changed":false,"footnotes":""},"acf":[],"yoast_head":"<title>OPSO \u2013 L\u00e4roavtalssakkunniga i Finland rf. - Oppisopimus<\/title>\n<meta name=\"robots\" content=\"index, follow, max-snippet:-1, max-image-preview:large, max-video-preview:-1\" \/>\n<link rel=\"canonical\" href=\"https:\/\/oppisopimus.fi\/sv\/opso-laroavtalsutbildningsarrangorerna-finland-rf\/\" \/>\n<meta property=\"og:locale\" content=\"sv_SE\" \/>\n<meta property=\"og:type\" content=\"article\" \/>\n<meta property=\"og:title\" content=\"OPSO \u2013 L\u00e4roavtalssakkunniga i Finland rf. - Oppisopimus\" \/>\n<meta property=\"og:description\" content=\"OPSO \u2013 L\u00e4roavtalsutbildningsarrang\u00f6rerna i Finland rf \u00e4r en f\u00f6rening, som bl.a. befr\u00e4mja samarbetet mellan f\u00f6reningens medlemmar, f\u00f6rb\u00e4ttrar branschens allm\u00e4nna verksamhetsf\u00f6ruts\u00e4ttningar och befr\u00e4mja l\u00e4roavtalsstuderandes, arbetsgivarnas\/f\u00f6retagarnas och utbildningsorganisationernas gemensamma f\u00f6rm\u00e5ner. &nbsp; F\u00d6RENINGENS SYFTE \u00c4R ATT Befr\u00e4mja f\u00f6reningens medlemmars samverksamhet och f\u00f6rb\u00e4ttra branschens allm\u00e4nna verksamhetsf\u00f6ruts\u00e4ttningar Befr\u00e4mja l\u00e4roavtalsstuderandes, arbetsgivares\/f\u00f6retagarnas och utbildningsorganisationernas allm\u00e4nna och gemensamma f\u00f6rdelar f\u00f6r l\u00e4roavtalsverksamheten F\u00f6reningen f\u00f6ljer &hellip; L\u00e4s mer\" \/>\n<meta property=\"og:url\" content=\"https:\/\/oppisopimus.fi\/sv\/opso-laroavtalsutbildningsarrangorerna-finland-rf\/\" \/>\n<meta property=\"og:site_name\" content=\"Oppisopimus\" \/>\n<meta property=\"article:publisher\" content=\"https:\/\/www.facebook.com\/oppisopimus.fi\/\" \/>\n<meta property=\"article:modified_time\" content=\"2018-09-03T13:17:38+00:00\" \/>\n<meta property=\"og:image\" content=\"https:\/\/oppisopimusfi-wp16282.test.cchosting.fi\/wp-content\/uploads\/2016\/09\/oppisopimus_fb.jpg\" \/>\n\t<meta property=\"og:image:width\" content=\"1860\" \/>\n\t<meta property=\"og:image:height\" content=\"970\" \/>\n\t<meta property=\"og:image:type\" content=\"image\/jpeg\" \/>\n<meta name=\"twitter:card\" content=\"summary_large_image\" \/>\n<meta name=\"twitter:site\" content=\"@oppisopimusfi\" \/>\n<meta name=\"twitter:label1\" content=\"Ber\u00e4knad l\u00e4stid\" \/>\n\t<meta name=\"twitter:data1\" content=\"1 minut\" \/>\n<script type=\"application\/ld+json\" class=\"yoast-schema-graph\">{\"@context\":\"https:\/\/schema.org\",\"@graph\":[{\"@type\":\"WebPage\",\"@id\":\"https:\/\/oppisopimus.fi\/sv\/opso-laroavtalsutbildningsarrangorerna-finland-rf\/\",\"url\":\"https:\/\/oppisopimus.fi\/sv\/opso-laroavtalsutbildningsarrangorerna-finland-rf\/\",\"name\":\"OPSO \u2013 L\u00e4roavtalssakkunniga i Finland rf. - Oppisopimus\",\"isPartOf\":{\"@id\":\"https:\/\/oppisopimus.fi\/#website\"},\"datePublished\":\"2017-09-25T11:19:27+00:00\",\"dateModified\":\"2018-09-03T13:17:38+00:00\",\"breadcrumb\":{\"@id\":\"https:\/\/oppisopimus.fi\/sv\/opso-laroavtalsutbildningsarrangorerna-finland-rf\/#breadcrumb\"},\"inLanguage\":\"sv-SE\",\"potentialAction\":[{\"@type\":\"ReadAction\",\"target\":[\"https:\/\/oppisopimus.fi\/sv\/opso-laroavtalsutbildningsarrangorerna-finland-rf\/\"]}]},{\"@type\":\"BreadcrumbList\",\"@id\":\"https:\/\/oppisopimus.fi\/sv\/opso-laroavtalsutbildningsarrangorerna-finland-rf\/#breadcrumb\",\"itemListElement\":[{\"@type\":\"ListItem\",\"position\":1,\"name\":\"Home\",\"item\":\"https:\/\/oppisopimus.fi\/sv\/\"},{\"@type\":\"ListItem\",\"position\":2,\"name\":\"OPSO \u2013 L\u00e4roavtalssakkunniga i Finland rf.\"}]},{\"@type\":\"WebSite\",\"@id\":\"https:\/\/oppisopimus.fi\/#website\",\"url\":\"https:\/\/oppisopimus.fi\/\",\"name\":\"Oppisopimus\",\"description\":\"\",\"potentialAction\":[{\"@type\":\"SearchAction\",\"target\":{\"@type\":\"EntryPoint\",\"urlTemplate\":\"https:\/\/oppisopimus.fi\/search\/{search_term_string}\"},\"query-input\":\"required name=search_term_string\"}],\"inLanguage\":\"sv-SE\"}]}<\/script>","yoast_head_json":{"title":"OPSO \u2013 L\u00e4roavtalssakkunniga i Finland rf. - Oppisopimus","robots":{"index":"index","follow":"follow","max-snippet":"max-snippet:-1","max-image-preview":"max-image-preview:large","max-video-preview":"max-video-preview:-1"},"canonical":"https:\/\/oppisopimus.fi\/sv\/opso-laroavtalsutbildningsarrangorerna-finland-rf\/","og_locale":"sv_SE","og_type":"article","og_title":"OPSO \u2013 L\u00e4roavtalssakkunniga i Finland rf. - Oppisopimus","og_description":"OPSO \u2013 L\u00e4roavtalsutbildningsarrang\u00f6rerna i Finland rf \u00e4r en f\u00f6rening, som bl.a. befr\u00e4mja samarbetet mellan f\u00f6reningens medlemmar, f\u00f6rb\u00e4ttrar branschens allm\u00e4nna verksamhetsf\u00f6ruts\u00e4ttningar och befr\u00e4mja l\u00e4roavtalsstuderandes, arbetsgivarnas\/f\u00f6retagarnas och utbildningsorganisationernas gemensamma f\u00f6rm\u00e5ner. &nbsp; F\u00d6RENINGENS SYFTE \u00c4R ATT Befr\u00e4mja f\u00f6reningens medlemmars samverksamhet och f\u00f6rb\u00e4ttra branschens allm\u00e4nna verksamhetsf\u00f6ruts\u00e4ttningar Befr\u00e4mja l\u00e4roavtalsstuderandes, arbetsgivares\/f\u00f6retagarnas och utbildningsorganisationernas allm\u00e4nna och gemensamma f\u00f6rdelar f\u00f6r l\u00e4roavtalsverksamheten F\u00f6reningen f\u00f6ljer &hellip; L\u00e4s mer","og_url":"https:\/\/oppisopimus.fi\/sv\/opso-laroavtalsutbildningsarrangorerna-finland-rf\/","og_site_name":"Oppisopimus","article_publisher":"https:\/\/www.facebook.com\/oppisopimus.fi\/","article_modified_time":"2018-09-03T13:17:38+00:00","og_image":[{"width":1860,"height":970,"url":"https:\/\/oppisopimusfi-wp16282.test.cchosting.fi\/wp-content\/uploads\/2016\/09\/oppisopimus_fb.jpg","type":"image\/jpeg"}],"twitter_card":"summary_large_image","twitter_site":"@oppisopimusfi","twitter_misc":{"Ber\u00e4knad l\u00e4stid":"1 minut"},"schema":{"@context":"https:\/\/schema.org","@graph":[{"@type":"WebPage","@id":"https:\/\/oppisopimus.fi\/sv\/opso-laroavtalsutbildningsarrangorerna-finland-rf\/","url":"https:\/\/oppisopimus.fi\/sv\/opso-laroavtalsutbildningsarrangorerna-finland-rf\/","name":"OPSO \u2013 L\u00e4roavtalssakkunniga i Finland rf. - Oppisopimus","isPartOf":{"@id":"https:\/\/oppisopimus.fi\/#website"},"datePublished":"2017-09-25T11:19:27+00:00","dateModified":"2018-09-03T13:17:38+00:00","breadcrumb":{"@id":"https:\/\/oppisopimus.fi\/sv\/opso-laroavtalsutbildningsarrangorerna-finland-rf\/#breadcrumb"},"inLanguage":"sv-SE","potentialAction":[{"@type":"ReadAction","target":["https:\/\/oppisopimus.fi\/sv\/opso-laroavtalsutbildningsarrangorerna-finland-rf\/"]}]},{"@type":"BreadcrumbList","@id":"https:\/\/oppisopimus.fi\/sv\/opso-laroavtalsutbildningsarrangorerna-finland-rf\/#breadcrumb","itemListElement":[{"@type":"ListItem","position":1,"name":"Home","item":"https:\/\/oppisopimus.fi\/sv\/"},{"@type":"ListItem","position":2,"name":"OPSO \u2013 L\u00e4roavtalssakkunniga i Finland rf."}]},{"@type":"WebSite","@id":"https:\/\/oppisopimus.fi\/#website","url":"https:\/\/oppisopimus.fi\/","name":"Oppisopimus","description":"","potentialAction":[{"@type":"SearchAction","target":{"@type":"EntryPoint","urlTemplate":"https:\/\/oppisopimus.fi\/search\/{search_term_string}"},"query-input":"required name=search_term_string"}],"inLanguage":"sv-SE"}]}},"_links":{"self":[{"href":"https:\/\/oppisopimusfi-wp16282.test.cchosting.fi\/sv\/wp-json\/wp\/v2\/pages\/2522"}],"collection":[{"href":"https:\/\/oppisopimusfi-wp16282.test.cchosting.fi\/sv\/wp-json\/wp\/v2\/pages"}],"about":[{"href":"https:\/\/oppisopimusfi-wp16282.test.cchosting.fi\/sv\/wp-json\/wp\/v2\/types\/page"}],"author":[{"embeddable":true,"href":"https:\/\/oppisopimusfi-wp16282.test.cchosting.fi\/sv\/wp-json\/wp\/v2\/users\/7"}],"replies":[{"embeddable":true,"href":"https:\/\/oppisopimusfi-wp16282.test.cchosting.fi\/sv\/wp-json\/wp\/v2\/comments?post=2522"}],"version-history":[{"count":5,"href":"https:\/\/oppisopimusfi-wp16282.test.cchosting.fi\/sv\/wp-json\/wp\/v2\/pages\/2522\/revisions"}],"predecessor-version":[{"id":3174,"href":"https:\/\/oppisopimusfi-wp16282.test.cchosting.fi\/sv\/wp-json\/wp\/v2\/pages\/2522\/revisions\/3174"}],"wp:attachment":[{"href":"https:\/\/oppisopimusfi-wp16282.test.cchosting.fi\/sv\/wp-json\/wp\/v2\/media?parent=2522"}],"curies":[{"name":"wp","href":"https:\/\/api.w.org\/{rel}","templated":true}]}}