{"id":1452,"date":"2016-08-26T13:41:08","date_gmt":"2016-08-26T10:41:08","guid":{"rendered":"https:\/\/oppisopimusfi-wp16282.test.cchosting.fi\/arbetsgivare\/henkilokunnan-kouluttaminen-oppisopimuksella\/"},"modified":"2019-02-04T09:38:20","modified_gmt":"2019-02-04T07:38:20","slug":"utbilda-personal","status":"publish","type":"page","link":"https:\/\/oppisopimusfi-wp16282.test.cchosting.fi\/sv\/arbetsgivare\/utbilda-personal\/","title":{"rendered":"Utbilda personal med hj\u00e4lp av l\u00e4roavtal"},"content":{"rendered":"<p>L\u00e4roavtal \u00e4r en flexibel m\u00f6jlighet d\u00e5 du vill utbilda din personal f\u00f6r nya uppgifter, utveckla arbetstagarnas kunnande och yrkeskompetens samt d\u00e5 du beh\u00f6ver skr\u00e4ddarsydd utbildning som leder till en examen f\u00f6r flera personer.<\/p>\n<h2>D\u00e5 du vill utbilda personal med hj\u00e4lp av l\u00e4roavtal, g\u00f6r s\u00e5 h\u00e4r:<\/h2>\n<ol>\n<li>Fundera:<br \/>\n\u2013 Vilket \u00e4r utbildningsbehovet: hel examen eller en examensdel?<br \/>\n\u2013 Hur m\u00e5nga arbetstagare beh\u00f6ver utbildning?<br \/>\n\u2013 \u00a0Vem kunde fungera som arbetsplatshandledare?<\/li>\n<li>Ta kontakt med din lokala l\u00e4roavtalsanordnare som handleder dig vidare.<\/li>\n<\/ol>\n","protected":false},"excerpt":{"rendered":"<p>L\u00e4roavtal \u00e4r en flexibel m\u00f6jlighet d\u00e5 du vill utbilda din personal f\u00f6r nya uppgifter, utveckla arbetstagarnas kunnande och yrkeskompetens samt d\u00e5 du beh\u00f6ver skr\u00e4ddarsydd utbildning som leder till en examen f\u00f6r flera personer. D\u00e5 du vill utbilda personal med hj\u00e4lp av l\u00e4roavtal, g\u00f6r s\u00e5 h\u00e4r: Fundera: \u2013 Vilket \u00e4r utbildningsbehovet: hel examen eller en examensdel? &hellip; <a href=\"https:\/\/oppisopimusfi-wp16282.test.cchosting.fi\/sv\/arbetsgivare\/utbilda-personal\/\">L\u00e4s mer<\/a><\/p>\n","protected":false},"author":4,"featured_media":1335,"parent":1197,"menu_order":0,"comment_status":"closed","ping_status":"closed","template":"","meta":{"_acf_changed":false,"footnotes":""},"acf":[],"yoast_head":"<title>Utbilda din personal genom l\u00e4roavtal<\/title>\n<meta name=\"description\" content=\"L\u00e4roavtal \u00e4r ett flexibelt val n\u00e4r du vill skola om din personal f\u00f6r nya uppgifter, utveckla personalens kunnande och yrkesskicklighet.\" \/>\n<meta name=\"robots\" content=\"index, follow, max-snippet:-1, max-image-preview:large, max-video-preview:-1\" \/>\n<link rel=\"canonical\" href=\"https:\/\/oppisopimus.fi\/sv\/arbetsgivare\/utbilda-personal\/\" \/>\n<meta property=\"og:locale\" content=\"sv_SE\" \/>\n<meta property=\"og:type\" content=\"article\" \/>\n<meta property=\"og:title\" content=\"Utbilda din personal genom l\u00e4roavtal\" \/>\n<meta property=\"og:description\" content=\"L\u00e4roavtal \u00e4r ett flexibelt val n\u00e4r du vill skola om din personal f\u00f6r nya uppgifter, utveckla personalens kunnande och yrkesskicklighet.\" \/>\n<meta property=\"og:url\" content=\"https:\/\/oppisopimus.fi\/sv\/arbetsgivare\/utbilda-personal\/\" \/>\n<meta property=\"og:site_name\" content=\"Oppisopimus\" \/>\n<meta property=\"article:publisher\" content=\"https:\/\/www.facebook.com\/oppisopimus.fi\/\" \/>\n<meta property=\"article:modified_time\" content=\"2019-02-04T07:38:20+00:00\" \/>\n<meta property=\"og:image\" content=\"https:\/\/oppisopimusfi-wp16282.test.cchosting.fi\/wp-content\/uploads\/2016\/08\/tyonantajalle_nykyinentyontekija-834x558.jpg\" \/>\n\t<meta property=\"og:image:width\" content=\"834\" \/>\n\t<meta property=\"og:image:height\" content=\"558\" \/>\n\t<meta property=\"og:image:type\" content=\"image\/jpeg\" \/>\n<meta name=\"twitter:card\" content=\"summary_large_image\" \/>\n<meta name=\"twitter:site\" content=\"@oppisopimusfi\" \/>\n<script type=\"application\/ld+json\" class=\"yoast-schema-graph\">{\"@context\":\"https:\/\/schema.org\",\"@graph\":[{\"@type\":\"WebPage\",\"@id\":\"https:\/\/oppisopimus.fi\/sv\/arbetsgivare\/utbilda-personal\/\",\"url\":\"https:\/\/oppisopimus.fi\/sv\/arbetsgivare\/utbilda-personal\/\",\"name\":\"Utbilda din personal genom l\u00e4roavtal\",\"isPartOf\":{\"@id\":\"https:\/\/oppisopimus.fi\/#website\"},\"primaryImageOfPage\":{\"@id\":\"https:\/\/oppisopimus.fi\/sv\/arbetsgivare\/utbilda-personal\/#primaryimage\"},\"image\":{\"@id\":\"https:\/\/oppisopimus.fi\/sv\/arbetsgivare\/utbilda-personal\/#primaryimage\"},\"thumbnailUrl\":\"\/wp-content\/uploads\/2016\/08\/tyonantajalle_nykyinentyontekija.jpg\",\"datePublished\":\"2016-08-26T10:41:08+00:00\",\"dateModified\":\"2019-02-04T07:38:20+00:00\",\"description\":\"L\u00e4roavtal \u00e4r ett flexibelt val n\u00e4r du vill skola om din personal f\u00f6r nya uppgifter, utveckla personalens kunnande och yrkesskicklighet.\",\"breadcrumb\":{\"@id\":\"https:\/\/oppisopimus.fi\/sv\/arbetsgivare\/utbilda-personal\/#breadcrumb\"},\"inLanguage\":\"sv-SE\",\"potentialAction\":[{\"@type\":\"ReadAction\",\"target\":[\"https:\/\/oppisopimus.fi\/sv\/arbetsgivare\/utbilda-personal\/\"]}]},{\"@type\":\"ImageObject\",\"inLanguage\":\"sv-SE\",\"@id\":\"https:\/\/oppisopimus.fi\/sv\/arbetsgivare\/utbilda-personal\/#primaryimage\",\"url\":\"\/wp-content\/uploads\/2016\/08\/tyonantajalle_nykyinentyontekija.jpg\",\"contentUrl\":\"\/wp-content\/uploads\/2016\/08\/tyonantajalle_nykyinentyontekija.jpg\",\"width\":4640,\"height\":3104},{\"@type\":\"BreadcrumbList\",\"@id\":\"https:\/\/oppisopimus.fi\/sv\/arbetsgivare\/utbilda-personal\/#breadcrumb\",\"itemListElement\":[{\"@type\":\"ListItem\",\"position\":1,\"name\":\"Home\",\"item\":\"https:\/\/oppisopimus.fi\/sv\/\"},{\"@type\":\"ListItem\",\"position\":2,\"name\":\"F\u00f6r arbetsgivare\",\"item\":\"https:\/\/oppisopimus.fi\/sv\/arbetsgivare\/\"},{\"@type\":\"ListItem\",\"position\":3,\"name\":\"Utbilda personal med hj\u00e4lp av l\u00e4roavtal\"}]},{\"@type\":\"WebSite\",\"@id\":\"https:\/\/oppisopimus.fi\/#website\",\"url\":\"https:\/\/oppisopimus.fi\/\",\"name\":\"Oppisopimus\",\"description\":\"\",\"potentialAction\":[{\"@type\":\"SearchAction\",\"target\":{\"@type\":\"EntryPoint\",\"urlTemplate\":\"https:\/\/oppisopimus.fi\/search\/{search_term_string}\"},\"query-input\":\"required name=search_term_string\"}],\"inLanguage\":\"sv-SE\"}]}<\/script>","yoast_head_json":{"title":"Utbilda din personal genom l\u00e4roavtal","description":"L\u00e4roavtal \u00e4r ett flexibelt val n\u00e4r du vill skola om din personal f\u00f6r nya uppgifter, utveckla personalens kunnande och yrkesskicklighet.","robots":{"index":"index","follow":"follow","max-snippet":"max-snippet:-1","max-image-preview":"max-image-preview:large","max-video-preview":"max-video-preview:-1"},"canonical":"https:\/\/oppisopimus.fi\/sv\/arbetsgivare\/utbilda-personal\/","og_locale":"sv_SE","og_type":"article","og_title":"Utbilda din personal genom l\u00e4roavtal","og_description":"L\u00e4roavtal \u00e4r ett flexibelt val n\u00e4r du vill skola om din personal f\u00f6r nya uppgifter, utveckla personalens kunnande och yrkesskicklighet.","og_url":"https:\/\/oppisopimus.fi\/sv\/arbetsgivare\/utbilda-personal\/","og_site_name":"Oppisopimus","article_publisher":"https:\/\/www.facebook.com\/oppisopimus.fi\/","article_modified_time":"2019-02-04T07:38:20+00:00","og_image":[{"width":834,"height":558,"url":"https:\/\/oppisopimusfi-wp16282.test.cchosting.fi\/wp-content\/uploads\/2016\/08\/tyonantajalle_nykyinentyontekija-834x558.jpg","type":"image\/jpeg"}],"twitter_card":"summary_large_image","twitter_site":"@oppisopimusfi","schema":{"@context":"https:\/\/schema.org","@graph":[{"@type":"WebPage","@id":"https:\/\/oppisopimus.fi\/sv\/arbetsgivare\/utbilda-personal\/","url":"https:\/\/oppisopimus.fi\/sv\/arbetsgivare\/utbilda-personal\/","name":"Utbilda din personal genom l\u00e4roavtal","isPartOf":{"@id":"https:\/\/oppisopimus.fi\/#website"},"primaryImageOfPage":{"@id":"https:\/\/oppisopimus.fi\/sv\/arbetsgivare\/utbilda-personal\/#primaryimage"},"image":{"@id":"https:\/\/oppisopimus.fi\/sv\/arbetsgivare\/utbilda-personal\/#primaryimage"},"thumbnailUrl":"\/wp-content\/uploads\/2016\/08\/tyonantajalle_nykyinentyontekija.jpg","datePublished":"2016-08-26T10:41:08+00:00","dateModified":"2019-02-04T07:38:20+00:00","description":"L\u00e4roavtal \u00e4r ett flexibelt val n\u00e4r du vill skola om din personal f\u00f6r nya uppgifter, utveckla personalens kunnande och yrkesskicklighet.","breadcrumb":{"@id":"https:\/\/oppisopimus.fi\/sv\/arbetsgivare\/utbilda-personal\/#breadcrumb"},"inLanguage":"sv-SE","potentialAction":[{"@type":"ReadAction","target":["https:\/\/oppisopimus.fi\/sv\/arbetsgivare\/utbilda-personal\/"]}]},{"@type":"ImageObject","inLanguage":"sv-SE","@id":"https:\/\/oppisopimus.fi\/sv\/arbetsgivare\/utbilda-personal\/#primaryimage","url":"\/wp-content\/uploads\/2016\/08\/tyonantajalle_nykyinentyontekija.jpg","contentUrl":"\/wp-content\/uploads\/2016\/08\/tyonantajalle_nykyinentyontekija.jpg","width":4640,"height":3104},{"@type":"BreadcrumbList","@id":"https:\/\/oppisopimus.fi\/sv\/arbetsgivare\/utbilda-personal\/#breadcrumb","itemListElement":[{"@type":"ListItem","position":1,"name":"Home","item":"https:\/\/oppisopimus.fi\/sv\/"},{"@type":"ListItem","position":2,"name":"F\u00f6r arbetsgivare","item":"https:\/\/oppisopimus.fi\/sv\/arbetsgivare\/"},{"@type":"ListItem","position":3,"name":"Utbilda personal med hj\u00e4lp av l\u00e4roavtal"}]},{"@type":"WebSite","@id":"https:\/\/oppisopimus.fi\/#website","url":"https:\/\/oppisopimus.fi\/","name":"Oppisopimus","description":"","potentialAction":[{"@type":"SearchAction","target":{"@type":"EntryPoint","urlTemplate":"https:\/\/oppisopimus.fi\/search\/{search_term_string}"},"query-input":"required name=search_term_string"}],"inLanguage":"sv-SE"}]}},"_links":{"self":[{"href":"https:\/\/oppisopimusfi-wp16282.test.cchosting.fi\/sv\/wp-json\/wp\/v2\/pages\/1452"}],"collection":[{"href":"https:\/\/oppisopimusfi-wp16282.test.cchosting.fi\/sv\/wp-json\/wp\/v2\/pages"}],"about":[{"href":"https:\/\/oppisopimusfi-wp16282.test.cchosting.fi\/sv\/wp-json\/wp\/v2\/types\/page"}],"author":[{"embeddable":true,"href":"https:\/\/oppisopimusfi-wp16282.test.cchosting.fi\/sv\/wp-json\/wp\/v2\/users\/4"}],"replies":[{"embeddable":true,"href":"https:\/\/oppisopimusfi-wp16282.test.cchosting.fi\/sv\/wp-json\/wp\/v2\/comments?post=1452"}],"version-history":[{"count":6,"href":"https:\/\/oppisopimusfi-wp16282.test.cchosting.fi\/sv\/wp-json\/wp\/v2\/pages\/1452\/revisions"}],"predecessor-version":[{"id":3496,"href":"https:\/\/oppisopimusfi-wp16282.test.cchosting.fi\/sv\/wp-json\/wp\/v2\/pages\/1452\/revisions\/3496"}],"up":[{"embeddable":true,"href":"https:\/\/oppisopimusfi-wp16282.test.cchosting.fi\/sv\/wp-json\/wp\/v2\/pages\/1197"}],"wp:featuredmedia":[{"embeddable":true,"href":"https:\/\/oppisopimusfi-wp16282.test.cchosting.fi\/sv\/wp-json\/wp\/v2\/media\/1335"}],"wp:attachment":[{"href":"https:\/\/oppisopimusfi-wp16282.test.cchosting.fi\/sv\/wp-json\/wp\/v2\/media?parent=1452"}],"curies":[{"name":"wp","href":"https:\/\/api.w.org\/{rel}","templated":true}]}}