{"id":1430,"date":"2016-08-26T13:35:26","date_gmt":"2016-08-26T10:35:26","guid":{"rendered":"https:\/\/oppisopimusfi-wp16282.test.cchosting.fi\/arbetsgivare\/rekrytointi-oppisopimuksella\/"},"modified":"2017-01-24T11:28:02","modified_gmt":"2017-01-24T09:28:02","slug":"nyanstall","status":"publish","type":"page","link":"https:\/\/oppisopimusfi-wp16282.test.cchosting.fi\/sv\/arbetsgivare\/nyanstall\/","title":{"rendered":"Nyanst\u00e4llning med l\u00e4roavtal"},"content":{"rendered":"<p class=\"p1\"><span class=\"s1\">Om du vill anst\u00e4lla ny personal genom l\u00e4roavtal, g\u00f6r s\u00e5 h\u00e4r:<\/span><\/p>\n<ol>\n<li class=\"p1\"><span class=\"s1\">Kontrollera om\u00a0din arbetsplats l\u00e4mpar sig f\u00f6r l\u00e4roavtalsarbete eller fr\u00e5ga p\u00e5 l\u00e4roavtalsbyr\u00e5n i din region.<\/span><\/li>\n<li class=\"p1\"><span class=\"s1\">Om du inte redan har en l\u00e4rling, kan du s\u00f6ka efter en l\u00e4mplig kandidat t.ex. i TE-byr\u00e5ns tj\u00e4nst <a href=\"https:\/\/asiointi.mol.fi\/cvhaku\/\" target=\"_blank\">CV-netti<\/a>.<\/span><\/li>\n<li class=\"p1\"><span class=\"s1\">Publicera en annons p\u00e5 webbtj\u00e4nster\u00a0f\u00f6r platsannonser, t.ex. <a href=\"https:\/\/duunitori.fi\/\" target=\"_blank\">Duunitori<\/a>, <a href=\"http:\/\/www.te-tjanster.fi\/te\/sv\/index.html\" target=\"_blank\">Mol.fi<\/a> och <a href=\"https:\/\/www.oikotie.fi\/\" target=\"_blank\">Oikotie<\/a>. N\u00e4r du hittat en l\u00e4mplig studerande ska du senast ta kontakt med regionens l\u00e4roavtalsbyr\u00e5. Fundera p\u00e5 huruvida det f\u00f6r b\u00e4gge parter vore rimligt att prova om arbetsplatsen respektive den studerande \u00e4r l\u00e4mpliga f\u00f6r varandra* eller om du sluter ett avtal p\u00e5 minst fyra m\u00e5nader med din blivande l\u00e4roavtalsstuderande.<\/span><\/li>\n<li class=\"p1\"><span class=\"s1\">Kontakta <a href=\"https:\/\/oppisopimus.fi\/sv\/laroavtalsanordnare\/\">l\u00e4roavtalsbyr\u00e5n<\/a> i din region.<\/span><\/li>\n<\/ol>\n<p><span class=\"s1\">*Pr\u00f6votid f\u00f6r bed\u00f6mning av l\u00e4mplighet<\/span><\/p>\n<p><span class=\"s1\">Arbetsgivaren respektive den studerande f\u00e5r m\u00f6jlighet att bed\u00f6ma l\u00e4mpligheten av ett l\u00e4roavtal utan tv\u00e5ng att f\u00f6rbinda sig. Det sker i form av en praktikperiod p\u00e5 1\u20136 m\u00e5nader under vilken den studerande inte \u00e4r anst\u00e4lld. Pr\u00f6votiden \u00e4r ett praktiskt s\u00e4tt b\u00e5de f\u00f6r den studerande och f\u00f6r arbetsgivaren att ta reda p\u00e5 hur v\u00e4l parterna l\u00e4mpar sig f\u00f6r varandra och huruvida ett l\u00e4roavtal vore en fungerande l\u00f6sning.<\/span><\/p>\n<p><span class=\"s1\">Under praktikperioden ser arbetsgivaren om den studerande \u00e4r engagerad i arbetet och hur motiverad personen \u00e4r att l\u00e4ra sig mer. Praktikperioden ger ocks\u00e5 m\u00f6jlighet att ta reda p\u00e5 om den studerande l\u00e4mpar sig f\u00f6r arbete inom branschen, hur personen platsar i arbetsgemenskapen samt vilken hennes inst\u00e4llning \u00e4r. F\u00f6r mer information kontakta\u00a0<a href=\"https:\/\/oppisopimus.fi\/sv\/laroavtalsanordnare\/\" target=\"_blank\">l\u00e4roavtalsbyr\u00e5n i din region<\/a>.<\/span><\/p>\n","protected":false},"excerpt":{"rendered":"<p>Om du vill anst\u00e4lla ny personal genom l\u00e4roavtal, g\u00f6r s\u00e5 h\u00e4r: Kontrollera om\u00a0din arbetsplats l\u00e4mpar sig f\u00f6r l\u00e4roavtalsarbete eller fr\u00e5ga p\u00e5 l\u00e4roavtalsbyr\u00e5n i din region. Om du inte redan har en l\u00e4rling, kan du s\u00f6ka efter en l\u00e4mplig kandidat t.ex. i TE-byr\u00e5ns tj\u00e4nst CV-netti. Publicera en annons p\u00e5 webbtj\u00e4nster\u00a0f\u00f6r platsannonser, t.ex. Duunitori, Mol.fi och Oikotie. &hellip; <a href=\"https:\/\/oppisopimusfi-wp16282.test.cchosting.fi\/sv\/arbetsgivare\/nyanstall\/\">L\u00e4s mer<\/a><\/p>\n","protected":false},"author":4,"featured_media":0,"parent":1197,"menu_order":0,"comment_status":"closed","ping_status":"closed","template":"","meta":{"_acf_changed":false,"footnotes":""},"acf":[],"yoast_head":"<title>Rekrytering med l\u00e4roavtal<\/title>\n<meta name=\"description\" content=\"Vill du anst\u00e4lla ny personal genom l\u00e4roavtal?\" \/>\n<meta name=\"robots\" content=\"index, follow, max-snippet:-1, max-image-preview:large, max-video-preview:-1\" \/>\n<link rel=\"canonical\" href=\"https:\/\/oppisopimus.fi\/sv\/arbetsgivare\/nyanstall\/\" \/>\n<meta property=\"og:locale\" content=\"sv_SE\" \/>\n<meta property=\"og:type\" content=\"article\" \/>\n<meta property=\"og:title\" content=\"Rekrytering med l\u00e4roavtal\" \/>\n<meta property=\"og:description\" content=\"Vill du anst\u00e4lla ny personal genom l\u00e4roavtal?\" \/>\n<meta property=\"og:url\" content=\"https:\/\/oppisopimus.fi\/sv\/arbetsgivare\/nyanstall\/\" \/>\n<meta property=\"og:site_name\" content=\"Oppisopimus\" \/>\n<meta property=\"article:publisher\" content=\"https:\/\/www.facebook.com\/oppisopimus.fi\/\" \/>\n<meta property=\"article:modified_time\" content=\"2017-01-24T09:28:02+00:00\" \/>\n<meta property=\"og:image\" content=\"https:\/\/oppisopimusfi-wp16282.test.cchosting.fi\/wp-content\/uploads\/2016\/09\/oppisopimus_fb.jpg\" \/>\n\t<meta property=\"og:image:width\" content=\"1860\" \/>\n\t<meta property=\"og:image:height\" content=\"970\" \/>\n\t<meta property=\"og:image:type\" content=\"image\/jpeg\" \/>\n<meta name=\"twitter:card\" content=\"summary_large_image\" \/>\n<meta name=\"twitter:site\" content=\"@oppisopimusfi\" \/>\n<meta name=\"twitter:label1\" content=\"Ber\u00e4knad l\u00e4stid\" \/>\n\t<meta name=\"twitter:data1\" content=\"1 minut\" \/>\n<script type=\"application\/ld+json\" class=\"yoast-schema-graph\">{\"@context\":\"https:\/\/schema.org\",\"@graph\":[{\"@type\":\"WebPage\",\"@id\":\"https:\/\/oppisopimus.fi\/sv\/arbetsgivare\/nyanstall\/\",\"url\":\"https:\/\/oppisopimus.fi\/sv\/arbetsgivare\/nyanstall\/\",\"name\":\"Rekrytering med l\u00e4roavtal\",\"isPartOf\":{\"@id\":\"https:\/\/oppisopimus.fi\/#website\"},\"datePublished\":\"2016-08-26T10:35:26+00:00\",\"dateModified\":\"2017-01-24T09:28:02+00:00\",\"description\":\"Vill du anst\u00e4lla ny personal genom l\u00e4roavtal?\",\"breadcrumb\":{\"@id\":\"https:\/\/oppisopimus.fi\/sv\/arbetsgivare\/nyanstall\/#breadcrumb\"},\"inLanguage\":\"sv-SE\",\"potentialAction\":[{\"@type\":\"ReadAction\",\"target\":[\"https:\/\/oppisopimus.fi\/sv\/arbetsgivare\/nyanstall\/\"]}]},{\"@type\":\"BreadcrumbList\",\"@id\":\"https:\/\/oppisopimus.fi\/sv\/arbetsgivare\/nyanstall\/#breadcrumb\",\"itemListElement\":[{\"@type\":\"ListItem\",\"position\":1,\"name\":\"Home\",\"item\":\"https:\/\/oppisopimus.fi\/sv\/\"},{\"@type\":\"ListItem\",\"position\":2,\"name\":\"F\u00f6r arbetsgivare\",\"item\":\"https:\/\/oppisopimus.fi\/sv\/arbetsgivare\/\"},{\"@type\":\"ListItem\",\"position\":3,\"name\":\"Nyanst\u00e4llning med l\u00e4roavtal\"}]},{\"@type\":\"WebSite\",\"@id\":\"https:\/\/oppisopimus.fi\/#website\",\"url\":\"https:\/\/oppisopimus.fi\/\",\"name\":\"Oppisopimus\",\"description\":\"\",\"potentialAction\":[{\"@type\":\"SearchAction\",\"target\":{\"@type\":\"EntryPoint\",\"urlTemplate\":\"https:\/\/oppisopimus.fi\/search\/{search_term_string}\"},\"query-input\":\"required name=search_term_string\"}],\"inLanguage\":\"sv-SE\"}]}<\/script>","yoast_head_json":{"title":"Rekrytering med l\u00e4roavtal","description":"Vill du anst\u00e4lla ny personal genom l\u00e4roavtal?","robots":{"index":"index","follow":"follow","max-snippet":"max-snippet:-1","max-image-preview":"max-image-preview:large","max-video-preview":"max-video-preview:-1"},"canonical":"https:\/\/oppisopimus.fi\/sv\/arbetsgivare\/nyanstall\/","og_locale":"sv_SE","og_type":"article","og_title":"Rekrytering med l\u00e4roavtal","og_description":"Vill du anst\u00e4lla ny personal genom l\u00e4roavtal?","og_url":"https:\/\/oppisopimus.fi\/sv\/arbetsgivare\/nyanstall\/","og_site_name":"Oppisopimus","article_publisher":"https:\/\/www.facebook.com\/oppisopimus.fi\/","article_modified_time":"2017-01-24T09:28:02+00:00","og_image":[{"width":1860,"height":970,"url":"https:\/\/oppisopimusfi-wp16282.test.cchosting.fi\/wp-content\/uploads\/2016\/09\/oppisopimus_fb.jpg","type":"image\/jpeg"}],"twitter_card":"summary_large_image","twitter_site":"@oppisopimusfi","twitter_misc":{"Ber\u00e4knad l\u00e4stid":"1 minut"},"schema":{"@context":"https:\/\/schema.org","@graph":[{"@type":"WebPage","@id":"https:\/\/oppisopimus.fi\/sv\/arbetsgivare\/nyanstall\/","url":"https:\/\/oppisopimus.fi\/sv\/arbetsgivare\/nyanstall\/","name":"Rekrytering med l\u00e4roavtal","isPartOf":{"@id":"https:\/\/oppisopimus.fi\/#website"},"datePublished":"2016-08-26T10:35:26+00:00","dateModified":"2017-01-24T09:28:02+00:00","description":"Vill du anst\u00e4lla ny personal genom l\u00e4roavtal?","breadcrumb":{"@id":"https:\/\/oppisopimus.fi\/sv\/arbetsgivare\/nyanstall\/#breadcrumb"},"inLanguage":"sv-SE","potentialAction":[{"@type":"ReadAction","target":["https:\/\/oppisopimus.fi\/sv\/arbetsgivare\/nyanstall\/"]}]},{"@type":"BreadcrumbList","@id":"https:\/\/oppisopimus.fi\/sv\/arbetsgivare\/nyanstall\/#breadcrumb","itemListElement":[{"@type":"ListItem","position":1,"name":"Home","item":"https:\/\/oppisopimus.fi\/sv\/"},{"@type":"ListItem","position":2,"name":"F\u00f6r arbetsgivare","item":"https:\/\/oppisopimus.fi\/sv\/arbetsgivare\/"},{"@type":"ListItem","position":3,"name":"Nyanst\u00e4llning med l\u00e4roavtal"}]},{"@type":"WebSite","@id":"https:\/\/oppisopimus.fi\/#website","url":"https:\/\/oppisopimus.fi\/","name":"Oppisopimus","description":"","potentialAction":[{"@type":"SearchAction","target":{"@type":"EntryPoint","urlTemplate":"https:\/\/oppisopimus.fi\/search\/{search_term_string}"},"query-input":"required name=search_term_string"}],"inLanguage":"sv-SE"}]}},"_links":{"self":[{"href":"https:\/\/oppisopimusfi-wp16282.test.cchosting.fi\/sv\/wp-json\/wp\/v2\/pages\/1430"}],"collection":[{"href":"https:\/\/oppisopimusfi-wp16282.test.cchosting.fi\/sv\/wp-json\/wp\/v2\/pages"}],"about":[{"href":"https:\/\/oppisopimusfi-wp16282.test.cchosting.fi\/sv\/wp-json\/wp\/v2\/types\/page"}],"author":[{"embeddable":true,"href":"https:\/\/oppisopimusfi-wp16282.test.cchosting.fi\/sv\/wp-json\/wp\/v2\/users\/4"}],"replies":[{"embeddable":true,"href":"https:\/\/oppisopimusfi-wp16282.test.cchosting.fi\/sv\/wp-json\/wp\/v2\/comments?post=1430"}],"version-history":[{"count":3,"href":"https:\/\/oppisopimusfi-wp16282.test.cchosting.fi\/sv\/wp-json\/wp\/v2\/pages\/1430\/revisions"}],"predecessor-version":[{"id":1977,"href":"https:\/\/oppisopimusfi-wp16282.test.cchosting.fi\/sv\/wp-json\/wp\/v2\/pages\/1430\/revisions\/1977"}],"up":[{"embeddable":true,"href":"https:\/\/oppisopimusfi-wp16282.test.cchosting.fi\/sv\/wp-json\/wp\/v2\/pages\/1197"}],"wp:attachment":[{"href":"https:\/\/oppisopimusfi-wp16282.test.cchosting.fi\/sv\/wp-json\/wp\/v2\/media?parent=1430"}],"curies":[{"name":"wp","href":"https:\/\/api.w.org\/{rel}","templated":true}]}}