{"id":1418,"date":"2016-08-23T16:41:57","date_gmt":"2016-08-23T13:41:57","guid":{"rendered":"https:\/\/oppisopimusfi-wp16282.test.cchosting.fi\/for-studerande\/tyossa-oleva\/"},"modified":"2019-02-04T09:28:23","modified_gmt":"2019-02-04T07:28:23","slug":"i-arbetslivet","status":"publish","type":"page","link":"https:\/\/oppisopimusfi-wp16282.test.cchosting.fi\/sv\/studerande\/i-arbetslivet\/","title":{"rendered":"L\u00e4roavtalsutbildning p\u00e5 nuvarande arbetsplats?"},"content":{"rendered":"<h3>Ber\u00e4tta f\u00f6r din arbetsgivare att:<\/h3>\n<ul>\n<li>Ett l\u00e4roavtal \u00e4r avgiftsfritt f\u00f6r arbetsgivaren och arbetstagaren forts\u00e4tter p\u00e5 arbetet som normalt. Du f\u00e5r handledning av en arbetsplatshandledare som \u00e4r utsedd av din arbetsgivare.<\/li>\n<li>Om l\u00e4roavtalsutbildningen uppskattas orsaka kostnader f\u00f6r arbetsgivaren, betalar utbildningsanordnaren arbetsgivaren utbildningsers\u00e4ttning p\u00e5 det s\u00e4tt som \u00f6verenskoms i det avtal om ordnande av l\u00e4roavtalsutbildning som de ing\u00e5r. G\u00e4llande l\u00e4roavtal som leder till en examen betalas en ers\u00e4ttning mellan 0\u2013250 euro per m\u00e5nad (t.o.m. 350\u20ac\/m\u00e5n) och f\u00f6r till\u00e4ggsutbildningar betalas en ers\u00e4ttning 0-200 euro per m\u00e5nad.<\/li>\n<li>I l\u00e4roavtalet ing\u00e5r ofta \u00e4ven studier p\u00e5 l\u00e4roanstalten samt studier i virtuella studiemilj\u00f6er. M\u00e4ngden av dessa studiedagar varierar, men kan vara i genomsnitt t.ex. en till fyra dagar per m\u00e5nad. Ifall det betalas l\u00f6n f\u00f6r dessa dagar eller inte, avg\u00f6r arbetsgivaren. Som studerande har du r\u00e4tt till dagpenning eller familjebidrag, om du inte f\u00f6r samma tid f\u00e5r l\u00f6n eller ers\u00e4ttning f\u00f6r inkomstbortfall med st\u00f6d av n\u00e5gon annan lag.<\/li>\n<li>arbetsgivaren f\u00e5r en motiverad arbetstagare, som utstr\u00e5lar ny energi p\u00e5 arbetsplatsen, \u00e4r f\u00e4rdig att l\u00e4ra sig via konkreta arbetsuppgifter och \u00e4r tack vare utbildningen \u00e4nnu mer kunnig och professionell i sina arbetsuppgifter.<\/li>\n<\/ul>\n<ul>\n<li>Ni kan tillsammans med arbetsgivaren bes\u00f6ka den n\u00e4rmaste <a href=\"https:\/\/oppisopimus.fi\/sv\/laroavtalsanordnare\/\"><strong>l\u00e4roavtalsanordnaren<\/strong> <\/a>och diskutera olika m\u00f6jligheter innan ni g\u00f6r beslut om saken.<\/li>\n<\/ul>\n","protected":false},"excerpt":{"rendered":"<p>Ber\u00e4tta f\u00f6r din arbetsgivare att: Ett l\u00e4roavtal \u00e4r avgiftsfritt f\u00f6r arbetsgivaren och arbetstagaren forts\u00e4tter p\u00e5 arbetet som normalt. Du f\u00e5r handledning av en arbetsplatshandledare som \u00e4r utsedd av din arbetsgivare. Om l\u00e4roavtalsutbildningen uppskattas orsaka kostnader f\u00f6r arbetsgivaren, betalar utbildningsanordnaren arbetsgivaren utbildningsers\u00e4ttning p\u00e5 det s\u00e4tt som \u00f6verenskoms i det avtal om ordnande av l\u00e4roavtalsutbildning som de &hellip; <a href=\"https:\/\/oppisopimusfi-wp16282.test.cchosting.fi\/sv\/studerande\/i-arbetslivet\/\">L\u00e4s mer<\/a><\/p>\n","protected":false},"author":4,"featured_media":0,"parent":1207,"menu_order":0,"comment_status":"closed","ping_status":"closed","template":"","meta":{"_acf_changed":false,"footnotes":""},"acf":[],"yoast_head":"<title>L\u00e4roavtalsutbildning p\u00e5 nuvarande arbetsplats?<\/title>\n<meta name=\"description\" content=\"Fr\u00e5ga din arbetsgivare om det finns m\u00f6jlighet att genomf\u00f6ra en examen eller en del av en examen p\u00e5 din arbetsplats.\" \/>\n<meta name=\"robots\" content=\"index, follow, max-snippet:-1, max-image-preview:large, max-video-preview:-1\" \/>\n<link rel=\"canonical\" href=\"https:\/\/oppisopimus.fi\/sv\/studerande\/i-arbetslivet\/\" \/>\n<meta property=\"og:locale\" content=\"sv_SE\" \/>\n<meta property=\"og:type\" content=\"article\" \/>\n<meta property=\"og:title\" content=\"L\u00e4roavtalsutbildning p\u00e5 nuvarande arbetsplats?\" \/>\n<meta property=\"og:description\" content=\"Fr\u00e5ga din arbetsgivare om det finns m\u00f6jlighet att genomf\u00f6ra en examen eller en del av en examen p\u00e5 din arbetsplats.\" \/>\n<meta property=\"og:url\" content=\"https:\/\/oppisopimus.fi\/sv\/studerande\/i-arbetslivet\/\" \/>\n<meta property=\"og:site_name\" content=\"Oppisopimus\" \/>\n<meta property=\"article:publisher\" content=\"https:\/\/www.facebook.com\/oppisopimus.fi\/\" \/>\n<meta property=\"article:modified_time\" content=\"2019-02-04T07:28:23+00:00\" \/>\n<meta property=\"og:image\" content=\"https:\/\/oppisopimusfi-wp16282.test.cchosting.fi\/wp-content\/uploads\/2016\/09\/oppisopimus_fb.jpg\" \/>\n\t<meta property=\"og:image:width\" content=\"1860\" \/>\n\t<meta property=\"og:image:height\" content=\"970\" \/>\n\t<meta property=\"og:image:type\" content=\"image\/jpeg\" \/>\n<meta name=\"twitter:card\" content=\"summary_large_image\" \/>\n<meta name=\"twitter:site\" content=\"@oppisopimusfi\" \/>\n<meta name=\"twitter:label1\" content=\"Ber\u00e4knad l\u00e4stid\" \/>\n\t<meta name=\"twitter:data1\" content=\"1 minut\" \/>\n<script type=\"application\/ld+json\" class=\"yoast-schema-graph\">{\"@context\":\"https:\/\/schema.org\",\"@graph\":[{\"@type\":\"WebPage\",\"@id\":\"https:\/\/oppisopimus.fi\/sv\/studerande\/i-arbetslivet\/\",\"url\":\"https:\/\/oppisopimus.fi\/sv\/studerande\/i-arbetslivet\/\",\"name\":\"L\u00e4roavtalsutbildning p\u00e5 nuvarande arbetsplats?\",\"isPartOf\":{\"@id\":\"https:\/\/oppisopimus.fi\/#website\"},\"datePublished\":\"2016-08-23T13:41:57+00:00\",\"dateModified\":\"2019-02-04T07:28:23+00:00\",\"description\":\"Fr\u00e5ga din arbetsgivare om det finns m\u00f6jlighet att genomf\u00f6ra en examen eller en del av en examen p\u00e5 din arbetsplats.\",\"breadcrumb\":{\"@id\":\"https:\/\/oppisopimus.fi\/sv\/studerande\/i-arbetslivet\/#breadcrumb\"},\"inLanguage\":\"sv-SE\",\"potentialAction\":[{\"@type\":\"ReadAction\",\"target\":[\"https:\/\/oppisopimus.fi\/sv\/studerande\/i-arbetslivet\/\"]}]},{\"@type\":\"BreadcrumbList\",\"@id\":\"https:\/\/oppisopimus.fi\/sv\/studerande\/i-arbetslivet\/#breadcrumb\",\"itemListElement\":[{\"@type\":\"ListItem\",\"position\":1,\"name\":\"Home\",\"item\":\"https:\/\/oppisopimus.fi\/sv\/\"},{\"@type\":\"ListItem\",\"position\":2,\"name\":\"F\u00f6r studerande\",\"item\":\"https:\/\/oppisopimus.fi\/sv\/studerande\/\"},{\"@type\":\"ListItem\",\"position\":3,\"name\":\"L\u00e4roavtalsutbildning p\u00e5 nuvarande arbetsplats?\"}]},{\"@type\":\"WebSite\",\"@id\":\"https:\/\/oppisopimus.fi\/#website\",\"url\":\"https:\/\/oppisopimus.fi\/\",\"name\":\"Oppisopimus\",\"description\":\"\",\"potentialAction\":[{\"@type\":\"SearchAction\",\"target\":{\"@type\":\"EntryPoint\",\"urlTemplate\":\"https:\/\/oppisopimus.fi\/search\/{search_term_string}\"},\"query-input\":\"required name=search_term_string\"}],\"inLanguage\":\"sv-SE\"}]}<\/script>","yoast_head_json":{"title":"L\u00e4roavtalsutbildning p\u00e5 nuvarande arbetsplats?","description":"Fr\u00e5ga din arbetsgivare om det finns m\u00f6jlighet att genomf\u00f6ra en examen eller en del av en examen p\u00e5 din arbetsplats.","robots":{"index":"index","follow":"follow","max-snippet":"max-snippet:-1","max-image-preview":"max-image-preview:large","max-video-preview":"max-video-preview:-1"},"canonical":"https:\/\/oppisopimus.fi\/sv\/studerande\/i-arbetslivet\/","og_locale":"sv_SE","og_type":"article","og_title":"L\u00e4roavtalsutbildning p\u00e5 nuvarande arbetsplats?","og_description":"Fr\u00e5ga din arbetsgivare om det finns m\u00f6jlighet att genomf\u00f6ra en examen eller en del av en examen p\u00e5 din arbetsplats.","og_url":"https:\/\/oppisopimus.fi\/sv\/studerande\/i-arbetslivet\/","og_site_name":"Oppisopimus","article_publisher":"https:\/\/www.facebook.com\/oppisopimus.fi\/","article_modified_time":"2019-02-04T07:28:23+00:00","og_image":[{"width":1860,"height":970,"url":"https:\/\/oppisopimusfi-wp16282.test.cchosting.fi\/wp-content\/uploads\/2016\/09\/oppisopimus_fb.jpg","type":"image\/jpeg"}],"twitter_card":"summary_large_image","twitter_site":"@oppisopimusfi","twitter_misc":{"Ber\u00e4knad l\u00e4stid":"1 minut"},"schema":{"@context":"https:\/\/schema.org","@graph":[{"@type":"WebPage","@id":"https:\/\/oppisopimus.fi\/sv\/studerande\/i-arbetslivet\/","url":"https:\/\/oppisopimus.fi\/sv\/studerande\/i-arbetslivet\/","name":"L\u00e4roavtalsutbildning p\u00e5 nuvarande arbetsplats?","isPartOf":{"@id":"https:\/\/oppisopimus.fi\/#website"},"datePublished":"2016-08-23T13:41:57+00:00","dateModified":"2019-02-04T07:28:23+00:00","description":"Fr\u00e5ga din arbetsgivare om det finns m\u00f6jlighet att genomf\u00f6ra en examen eller en del av en examen p\u00e5 din arbetsplats.","breadcrumb":{"@id":"https:\/\/oppisopimus.fi\/sv\/studerande\/i-arbetslivet\/#breadcrumb"},"inLanguage":"sv-SE","potentialAction":[{"@type":"ReadAction","target":["https:\/\/oppisopimus.fi\/sv\/studerande\/i-arbetslivet\/"]}]},{"@type":"BreadcrumbList","@id":"https:\/\/oppisopimus.fi\/sv\/studerande\/i-arbetslivet\/#breadcrumb","itemListElement":[{"@type":"ListItem","position":1,"name":"Home","item":"https:\/\/oppisopimus.fi\/sv\/"},{"@type":"ListItem","position":2,"name":"F\u00f6r studerande","item":"https:\/\/oppisopimus.fi\/sv\/studerande\/"},{"@type":"ListItem","position":3,"name":"L\u00e4roavtalsutbildning p\u00e5 nuvarande arbetsplats?"}]},{"@type":"WebSite","@id":"https:\/\/oppisopimus.fi\/#website","url":"https:\/\/oppisopimus.fi\/","name":"Oppisopimus","description":"","potentialAction":[{"@type":"SearchAction","target":{"@type":"EntryPoint","urlTemplate":"https:\/\/oppisopimus.fi\/search\/{search_term_string}"},"query-input":"required name=search_term_string"}],"inLanguage":"sv-SE"}]}},"_links":{"self":[{"href":"https:\/\/oppisopimusfi-wp16282.test.cchosting.fi\/sv\/wp-json\/wp\/v2\/pages\/1418"}],"collection":[{"href":"https:\/\/oppisopimusfi-wp16282.test.cchosting.fi\/sv\/wp-json\/wp\/v2\/pages"}],"about":[{"href":"https:\/\/oppisopimusfi-wp16282.test.cchosting.fi\/sv\/wp-json\/wp\/v2\/types\/page"}],"author":[{"embeddable":true,"href":"https:\/\/oppisopimusfi-wp16282.test.cchosting.fi\/sv\/wp-json\/wp\/v2\/users\/4"}],"replies":[{"embeddable":true,"href":"https:\/\/oppisopimusfi-wp16282.test.cchosting.fi\/sv\/wp-json\/wp\/v2\/comments?post=1418"}],"version-history":[{"count":10,"href":"https:\/\/oppisopimusfi-wp16282.test.cchosting.fi\/sv\/wp-json\/wp\/v2\/pages\/1418\/revisions"}],"predecessor-version":[{"id":3490,"href":"https:\/\/oppisopimusfi-wp16282.test.cchosting.fi\/sv\/wp-json\/wp\/v2\/pages\/1418\/revisions\/3490"}],"up":[{"embeddable":true,"href":"https:\/\/oppisopimusfi-wp16282.test.cchosting.fi\/sv\/wp-json\/wp\/v2\/pages\/1207"}],"wp:attachment":[{"href":"https:\/\/oppisopimusfi-wp16282.test.cchosting.fi\/sv\/wp-json\/wp\/v2\/media?parent=1418"}],"curies":[{"name":"wp","href":"https:\/\/api.w.org\/{rel}","templated":true}]}}