{"id":1413,"date":"2016-08-26T15:17:52","date_gmt":"2016-08-26T12:17:52","guid":{"rendered":"https:\/\/oppisopimusfi-wp16282.test.cchosting.fi\/for-foretagaren\/hae-mentoriksi\/"},"modified":"2017-01-23T15:30:18","modified_gmt":"2017-01-23T13:30:18","slug":"mentor","status":"publish","type":"page","link":"https:\/\/oppisopimusfi-wp16282.test.cchosting.fi\/sv\/foretagare\/mentor\/","title":{"rendered":"Vill du bli en mentor?"},"content":{"rendered":"<p class=\"p1\"><span class=\"s1\">F\u00f6retagarens l\u00e4roavtal kan inte f\u00f6rverkligas utan en mentor. Det finns alltid ett behov av bra mentorer!<\/span><\/p>\n<h2 class=\"p1\"><span class=\"s1\">Om du \u00e4r intresserad av att vara mentor<\/span><\/h2>\n<ol>\n<li class=\"p1\"><span class=\"s1\">Kontrollera om du \u00e4r beh\u00f6rig av att bli <a href=\"https:\/\/mentoripankki.recit.fi\/sv\/till-dig-som-vill-bli-mentor\">mentor<\/a><\/span><\/li>\n<li class=\"p1\"><span class=\"s1\">Beg\u00e4r mer information om mentorskap fr\u00e5n regionens <a href=\"https:\/\/oppisopimus.fi\/sv\/laroavtalsanordnare\/\">l\u00e4roavtalsanordnare<\/a><\/span><\/li>\n<li class=\"p1\"><span class=\"s1\">Fyll i <a href=\"https:\/\/mentoripankki.recit.fi\/sv\/mentoriksi_hakeutumislomake\" target=\"_blank\">ans\u00f6kningsformul\u00e4ret<\/a>\u00a0(p\u00e5 finska)<\/span><\/li>\n<\/ol>\n","protected":false},"excerpt":{"rendered":"<p>F\u00f6retagarens l\u00e4roavtal kan inte f\u00f6rverkligas utan en mentor. Det finns alltid ett behov av bra mentorer! Om du \u00e4r intresserad av att vara mentor Kontrollera om du \u00e4r beh\u00f6rig av att bli mentor Beg\u00e4r mer information om mentorskap fr\u00e5n regionens l\u00e4roavtalsanordnare Fyll i ans\u00f6kningsformul\u00e4ret\u00a0(p\u00e5 finska)<\/p>\n","protected":false},"author":4,"featured_media":1725,"parent":1384,"menu_order":0,"comment_status":"closed","ping_status":"closed","template":"","meta":{"_acf_changed":false,"footnotes":""},"acf":[],"yoast_head":"<title>Bli en mentor<\/title>\n<meta name=\"description\" content=\"F\u00f6retagarens l\u00e4roavtal kan inte f\u00f6rverkligas utan en mentor. Det finns alltid ett behov av bra mentorer!\" \/>\n<meta name=\"robots\" content=\"index, follow, max-snippet:-1, max-image-preview:large, max-video-preview:-1\" \/>\n<link rel=\"canonical\" href=\"https:\/\/oppisopimus.fi\/sv\/foretagare\/mentor\/\" \/>\n<meta property=\"og:locale\" content=\"sv_SE\" \/>\n<meta property=\"og:type\" content=\"article\" \/>\n<meta property=\"og:title\" content=\"Bli en mentor\" \/>\n<meta property=\"og:description\" content=\"F\u00f6retagarens l\u00e4roavtal kan inte f\u00f6rverkligas utan en mentor. Det finns alltid ett behov av bra mentorer!\" \/>\n<meta property=\"og:url\" content=\"https:\/\/oppisopimus.fi\/sv\/foretagare\/mentor\/\" \/>\n<meta property=\"og:site_name\" content=\"Oppisopimus\" \/>\n<meta property=\"article:publisher\" content=\"https:\/\/www.facebook.com\/oppisopimus.fi\/\" \/>\n<meta property=\"article:modified_time\" content=\"2017-01-23T13:30:18+00:00\" \/>\n<meta property=\"og:image\" content=\"https:\/\/oppisopimusfi-wp16282.test.cchosting.fi\/wp-content\/uploads\/2017\/01\/oppi_yrittaja_mentori_sv.jpg\" \/>\n\t<meta property=\"og:image:width\" content=\"664\" \/>\n\t<meta property=\"og:image:height\" content=\"300\" \/>\n\t<meta property=\"og:image:type\" content=\"image\/jpeg\" \/>\n<meta name=\"twitter:card\" content=\"summary_large_image\" \/>\n<meta name=\"twitter:site\" content=\"@oppisopimusfi\" \/>\n<script type=\"application\/ld+json\" class=\"yoast-schema-graph\">{\"@context\":\"https:\/\/schema.org\",\"@graph\":[{\"@type\":\"WebPage\",\"@id\":\"https:\/\/oppisopimus.fi\/sv\/foretagare\/mentor\/\",\"url\":\"https:\/\/oppisopimus.fi\/sv\/foretagare\/mentor\/\",\"name\":\"Bli en mentor\",\"isPartOf\":{\"@id\":\"https:\/\/oppisopimus.fi\/#website\"},\"primaryImageOfPage\":{\"@id\":\"https:\/\/oppisopimus.fi\/sv\/foretagare\/mentor\/#primaryimage\"},\"image\":{\"@id\":\"https:\/\/oppisopimus.fi\/sv\/foretagare\/mentor\/#primaryimage\"},\"thumbnailUrl\":\"\/wp-content\/uploads\/2017\/01\/oppi_yrittaja_mentori_sv.jpg\",\"datePublished\":\"2016-08-26T12:17:52+00:00\",\"dateModified\":\"2017-01-23T13:30:18+00:00\",\"description\":\"F\u00f6retagarens l\u00e4roavtal kan inte f\u00f6rverkligas utan en mentor. Det finns alltid ett behov av bra mentorer!\",\"breadcrumb\":{\"@id\":\"https:\/\/oppisopimus.fi\/sv\/foretagare\/mentor\/#breadcrumb\"},\"inLanguage\":\"sv-SE\",\"potentialAction\":[{\"@type\":\"ReadAction\",\"target\":[\"https:\/\/oppisopimus.fi\/sv\/foretagare\/mentor\/\"]}]},{\"@type\":\"ImageObject\",\"inLanguage\":\"sv-SE\",\"@id\":\"https:\/\/oppisopimus.fi\/sv\/foretagare\/mentor\/#primaryimage\",\"url\":\"\/wp-content\/uploads\/2017\/01\/oppi_yrittaja_mentori_sv.jpg\",\"contentUrl\":\"\/wp-content\/uploads\/2017\/01\/oppi_yrittaja_mentori_sv.jpg\",\"width\":664,\"height\":300},{\"@type\":\"BreadcrumbList\",\"@id\":\"https:\/\/oppisopimus.fi\/sv\/foretagare\/mentor\/#breadcrumb\",\"itemListElement\":[{\"@type\":\"ListItem\",\"position\":1,\"name\":\"Home\",\"item\":\"https:\/\/oppisopimus.fi\/sv\/\"},{\"@type\":\"ListItem\",\"position\":2,\"name\":\"F\u00f6retagare\",\"item\":\"https:\/\/oppisopimus.fi\/sv\/foretagare\/\"},{\"@type\":\"ListItem\",\"position\":3,\"name\":\"Vill du bli en mentor?\"}]},{\"@type\":\"WebSite\",\"@id\":\"https:\/\/oppisopimus.fi\/#website\",\"url\":\"https:\/\/oppisopimus.fi\/\",\"name\":\"Oppisopimus\",\"description\":\"\",\"potentialAction\":[{\"@type\":\"SearchAction\",\"target\":{\"@type\":\"EntryPoint\",\"urlTemplate\":\"https:\/\/oppisopimus.fi\/search\/{search_term_string}\"},\"query-input\":\"required name=search_term_string\"}],\"inLanguage\":\"sv-SE\"}]}<\/script>","yoast_head_json":{"title":"Bli en mentor","description":"F\u00f6retagarens l\u00e4roavtal kan inte f\u00f6rverkligas utan en mentor. Det finns alltid ett behov av bra mentorer!","robots":{"index":"index","follow":"follow","max-snippet":"max-snippet:-1","max-image-preview":"max-image-preview:large","max-video-preview":"max-video-preview:-1"},"canonical":"https:\/\/oppisopimus.fi\/sv\/foretagare\/mentor\/","og_locale":"sv_SE","og_type":"article","og_title":"Bli en mentor","og_description":"F\u00f6retagarens l\u00e4roavtal kan inte f\u00f6rverkligas utan en mentor. Det finns alltid ett behov av bra mentorer!","og_url":"https:\/\/oppisopimus.fi\/sv\/foretagare\/mentor\/","og_site_name":"Oppisopimus","article_publisher":"https:\/\/www.facebook.com\/oppisopimus.fi\/","article_modified_time":"2017-01-23T13:30:18+00:00","og_image":[{"width":664,"height":300,"url":"https:\/\/oppisopimusfi-wp16282.test.cchosting.fi\/wp-content\/uploads\/2017\/01\/oppi_yrittaja_mentori_sv.jpg","type":"image\/jpeg"}],"twitter_card":"summary_large_image","twitter_site":"@oppisopimusfi","schema":{"@context":"https:\/\/schema.org","@graph":[{"@type":"WebPage","@id":"https:\/\/oppisopimus.fi\/sv\/foretagare\/mentor\/","url":"https:\/\/oppisopimus.fi\/sv\/foretagare\/mentor\/","name":"Bli en mentor","isPartOf":{"@id":"https:\/\/oppisopimus.fi\/#website"},"primaryImageOfPage":{"@id":"https:\/\/oppisopimus.fi\/sv\/foretagare\/mentor\/#primaryimage"},"image":{"@id":"https:\/\/oppisopimus.fi\/sv\/foretagare\/mentor\/#primaryimage"},"thumbnailUrl":"\/wp-content\/uploads\/2017\/01\/oppi_yrittaja_mentori_sv.jpg","datePublished":"2016-08-26T12:17:52+00:00","dateModified":"2017-01-23T13:30:18+00:00","description":"F\u00f6retagarens l\u00e4roavtal kan inte f\u00f6rverkligas utan en mentor. Det finns alltid ett behov av bra mentorer!","breadcrumb":{"@id":"https:\/\/oppisopimus.fi\/sv\/foretagare\/mentor\/#breadcrumb"},"inLanguage":"sv-SE","potentialAction":[{"@type":"ReadAction","target":["https:\/\/oppisopimus.fi\/sv\/foretagare\/mentor\/"]}]},{"@type":"ImageObject","inLanguage":"sv-SE","@id":"https:\/\/oppisopimus.fi\/sv\/foretagare\/mentor\/#primaryimage","url":"\/wp-content\/uploads\/2017\/01\/oppi_yrittaja_mentori_sv.jpg","contentUrl":"\/wp-content\/uploads\/2017\/01\/oppi_yrittaja_mentori_sv.jpg","width":664,"height":300},{"@type":"BreadcrumbList","@id":"https:\/\/oppisopimus.fi\/sv\/foretagare\/mentor\/#breadcrumb","itemListElement":[{"@type":"ListItem","position":1,"name":"Home","item":"https:\/\/oppisopimus.fi\/sv\/"},{"@type":"ListItem","position":2,"name":"F\u00f6retagare","item":"https:\/\/oppisopimus.fi\/sv\/foretagare\/"},{"@type":"ListItem","position":3,"name":"Vill du bli en mentor?"}]},{"@type":"WebSite","@id":"https:\/\/oppisopimus.fi\/#website","url":"https:\/\/oppisopimus.fi\/","name":"Oppisopimus","description":"","potentialAction":[{"@type":"SearchAction","target":{"@type":"EntryPoint","urlTemplate":"https:\/\/oppisopimus.fi\/search\/{search_term_string}"},"query-input":"required name=search_term_string"}],"inLanguage":"sv-SE"}]}},"_links":{"self":[{"href":"https:\/\/oppisopimusfi-wp16282.test.cchosting.fi\/sv\/wp-json\/wp\/v2\/pages\/1413"}],"collection":[{"href":"https:\/\/oppisopimusfi-wp16282.test.cchosting.fi\/sv\/wp-json\/wp\/v2\/pages"}],"about":[{"href":"https:\/\/oppisopimusfi-wp16282.test.cchosting.fi\/sv\/wp-json\/wp\/v2\/types\/page"}],"author":[{"embeddable":true,"href":"https:\/\/oppisopimusfi-wp16282.test.cchosting.fi\/sv\/wp-json\/wp\/v2\/users\/4"}],"replies":[{"embeddable":true,"href":"https:\/\/oppisopimusfi-wp16282.test.cchosting.fi\/sv\/wp-json\/wp\/v2\/comments?post=1413"}],"version-history":[{"count":6,"href":"https:\/\/oppisopimusfi-wp16282.test.cchosting.fi\/sv\/wp-json\/wp\/v2\/pages\/1413\/revisions"}],"predecessor-version":[{"id":1474,"href":"https:\/\/oppisopimusfi-wp16282.test.cchosting.fi\/sv\/wp-json\/wp\/v2\/pages\/1413\/revisions\/1474"}],"up":[{"embeddable":true,"href":"https:\/\/oppisopimusfi-wp16282.test.cchosting.fi\/sv\/wp-json\/wp\/v2\/pages\/1384"}],"wp:featuredmedia":[{"embeddable":true,"href":"https:\/\/oppisopimusfi-wp16282.test.cchosting.fi\/sv\/wp-json\/wp\/v2\/media\/1725"}],"wp:attachment":[{"href":"https:\/\/oppisopimusfi-wp16282.test.cchosting.fi\/sv\/wp-json\/wp\/v2\/media?parent=1413"}],"curies":[{"name":"wp","href":"https:\/\/api.w.org\/{rel}","templated":true}]}}