{"id":1397,"date":"2016-08-23T16:05:54","date_gmt":"2016-08-23T13:05:54","guid":{"rendered":"https:\/\/oppisopimusfi-wp16282.test.cchosting.fi\/for-studerande\/tyonhakija\/"},"modified":"2023-03-13T18:43:23","modified_gmt":"2023-03-13T16:43:23","slug":"arbetssokande","status":"publish","type":"page","link":"https:\/\/oppisopimusfi-wp16282.test.cchosting.fi\/sv\/studerande\/arbetssokande\/","title":{"rendered":"Hur hittar jag ett jobb?"},"content":{"rendered":"<p class=\"p1\"><span class=\"s1\">En l\u00e4roavtalsutbildning kr\u00e4ver alltid ett jobb, som den studerande\u00a0m\u00e5ste hitta sj\u00e4lv.<\/span><\/p>\n<p class=\"p1\"><span class=\"s1\">Kan n\u00e5gon av dina tidigare praktikplatser, sommarjobb eller PRAO-arbetsplatser, erbjuda dig m\u00f6jlighet f\u00f6r l\u00e4roavtalsutbildning?<\/span><\/p>\n<p class=\"p1\"><span class=\"s1\">Alla arbetsgivare annonserar inte enskilt ut lediga platser, s\u00e5 du kan modigt\u00a0kontakta f\u00f6retag som intresserar dig och ber\u00e4tta om din vilja att arbeta och att avl\u00e4gga examen eller en del av den som l\u00e4roavtalsutbildning.<\/span><\/p>\n<p class=\"p1\"><span class=\"s1\">Ge inte upp, \u00e4ven om du inte f\u00e5r ett jakande svar fr\u00e5n det f\u00f6rsta eller andra jobbet eller om du inte f\u00e5r en intervju. Envishet l\u00f6nar sig! M\u00e5nga l\u00e4roavtalsstuderande forts\u00e4tter p\u00e5 samma arbetsplats efter genomf\u00f6rd examen.<\/span><\/p>\n<h2 class=\"p1\"><span class=\"s1\">JOBBS\u00d6KNINGSTIPS<\/span><\/h2>\n<p class=\"p1\"><span class=\"s1\">Fundera p\u00e5\u00a0vilket yrke du \u00e4r intresserad av och vad du skulle kunna vara bra p\u00e5. G\u00e5 fr\u00e5n tanke till handling n\u00e4r du hittat ditt intresseomr\u00e5de. Ring, skicka e-post eller bes\u00f6k arbetsplatsen. Om du \u00e4nnu funderar p\u00e5\u00a0ett\u00a0l\u00e4mpligt yrke, testa vilket yrke som skulle kunna passa dig.<\/span><\/p>\n<ul class=\"linklist\">\n<li><a href=\"http:\/\/www.ammattinetti.fi\/?lang=sv%20\" target=\"_blank\" rel=\"noopener\">Yrkesinfo<\/a><\/li>\n<li><a href=\"https:\/\/asiointi.mol.fi\/avo\/responsive\/front-page.xhtml)\">AVO-programmet<\/a><\/li>\n<li><a href=\"https:\/\/eperusteet.opintopolku.fi\/#\/sv\/selaus\/ammatillinenperuskoulutus\" target=\"_blank\" rel=\"noopener\">Grundl\u00e4ggande yrkesutbildning<\/a><\/li>\n<li><a href=\"https:\/\/eperusteet.opintopolku.fi\/#\/sv\/selaus\/ammatillinenaikuiskoulutus\" target=\"_blank\" rel=\"noopener\">Yrkesinriktad vuxenutbildning<\/a><\/li>\n<\/ul>\n<h3 class=\"p1\"><span class=\"s1\">1. CV och arbetsans\u00f6kan<\/span><\/h3>\n<p class=\"p1\"><span class=\"s1\">F\u00f6rbered din CV och ans\u00f6kan omsorgsfullt. Du f\u00e5r hj\u00e4lp med att skriva en bra ans\u00f6kan och CV fr\u00e5n sammanst\u00e4llningsn\u00e4tverket. I din ans\u00f6kan kan dun ber\u00e4tta varf\u00f6r du vill arbeta i f\u00f6retaget och varf\u00f6r du vill studera via en l\u00e4roavtalsutbildning.<\/span><\/p>\n<h3>2.\u00a0<span class=\"s1\">S\u00f6k jobb p\u00e5 n\u00e4tet\u00a0och via sociala medier<\/span><\/h3>\n<p class=\"p1\"><span class=\"s1\">Du hittar platsannonser i sociala medier som LinkedIn, Facebook och Twitter. F\u00f6lj till exempel gruppen l\u00e4roavtalsarbetsplatser, som uppr\u00e4tth\u00e5lls av Duunitori, p\u00e5 <a href=\"https:\/\/www.facebook.com\/oppisopimustyopaikat\/?fref=ts\" target=\"_blank\" rel=\"noopener\">Facebook<\/a>.<\/span><\/p>\n<p class=\"p1\"><span class=\"s1\">P\u00e5 Facebook kan du ocks\u00e5 f\u00f6lja med platsannonser inom ditt n\u00e4romr\u00e5de, till exempel Avoimet ty\u00f6paikat Helsingiss\u00e4 -gruppen annonserar\u00a0lediga platser i Helsingfors. F\u00f6lj med din lokala l\u00e4roavtalsanordnares Facebook-sida, d\u00e4r\u00a0du f\u00e5r\u00a0aktuell information om l\u00e4roavtalsstudier.<\/span><\/p>\n<p class=\"p1\"><span class=\"s1\">Fr\u00e5ga g\u00e4rna v\u00e4nner och sl\u00e4ktingar, anv\u00e4nd alla dina kontakter!<\/span><\/p>\n<blockquote>\n<p class=\"p1\"><span class=\"s1\">Hur hittar jag ett jobb f\u00f6r en l\u00e4roavtalsutbildning?<\/span><\/p>\n<\/blockquote>\n<h3 class=\"p1\"><span class=\"s1\">3. Mol.fi visar lediga l\u00e4roavtalsplatser<\/span><\/h3>\n<p class=\"p1\"><span class=\"s1\">Hemsidan Mol.fi informerar om lediga platser i hela Finland. Du hittar platsannonser avsedda f\u00f6r l\u00e4roavtalsstuderande p\u00e5 f\u00f6ljande s\u00e4tt:<\/span><\/p>\n<ol>\n<li class=\"p1\"><span class=\"s1\">G\u00f6r en Google-s\u00f6kning p\u00e5 ordet &#8221;mol&#8221; eller skriv in adressen <a href=\"http:\/\/www.te-tjanster.fi\/te\/sv\/index.html\" target=\"_blank\" rel=\"noopener\">www.mol.fi<\/a><\/span><\/li>\n<li class=\"p1\"><span class=\"s1\">S\u00e4tt en bock i rutan &#8221;L\u00e4roavtal&#8221; under &#8221;Arbetets typ&#8221;<\/span><\/li>\n<li class=\"p1\"><span class=\"s1\">Klicka sedan p\u00e5 S\u00d6K<\/span><\/li>\n<\/ol>\n<p><span class=\"s1\">Mol.fi visar d\u00e5 alla lediga l\u00e4roavtalsplatser, som finns i deras tj\u00e4nst, i hela Finland. P\u00e5 landningssidan kan du begr\u00e4nsa din s\u00f6kning till l\u00e4roavtalsplatser i ditt n\u00e4romr\u00e5de.<\/span><\/p>\n<h3><span class=\"s1\">4. TE-byr\u00e5n deltar i\u00a0jobbs\u00f6kningen<\/span><\/h3>\n<p><span class=\"s1\">Din lokala TE-byr\u00e5 kan hj\u00e4lpa dig med jobbs\u00f6kandet. Om du inte har m\u00f6jlighet att\u00a0bes\u00f6ka byr\u00e5n p\u00e5 plats, kan du via\u00a0TE-byr\u00e5ns Mina e-tj\u00e4nster anm\u00e4la dig som jobbs\u00f6kande utan att du beh\u00f6ver bes\u00f6ka kontoret.<\/span><\/p>\n<p><span class=\"s1\">Arbetsl\u00f6sa arbetss\u00f6kande kan via TE-byr\u00e5n s\u00f6ka arbetspr\u00f6vning, d\u00e4r du f\u00e5r prova de branscher som intresserar dig i praktiken. En framg\u00e5ngsrik arbetspr\u00f6vning kan leda till en l\u00e4roavtalsutbildning. Det \u00e4r \u00e4ven m\u00f6jligt att via\u00a0TE-byr\u00e5ns l\u00f6nest\u00f6d f\u00e5 en l\u00e4roavtalsutbildning. Mera information f\u00e5r du fr\u00e5n din lokala <a href=\"http:\/\/te-palvelut.fi\/te\/sv\/index.html\" target=\"_blank\" rel=\"noopener\">TE-byr\u00e5<\/a>.<\/span><\/p>\n<h3 class=\"p3\"><span class=\"s1\">5. Kontakta f\u00f6retaget<\/span><\/h3>\n<p class=\"p3\"><span class=\"s1\">N\u00e4r du kontaktar f\u00f6retaget, kan du f\u00f6rutom att du ber\u00e4ttar om dig sj\u00e4lv och dina kunskaper \u00e4ven f\u00f6resl\u00e5 ett m\u00f6te. Du kan skriva ut <a href=\"https:\/\/oppisopimus.fi\/wp-content\/uploads\/2016\/08\/information_for_arbetsgivare-1.pdf\">informationspaketet till arbetsgivaren<\/a>\u00a0och ta det med dig till intervjun eller m\u00f6tet.<br \/>\n<\/span><\/p>\n<h3 class=\"p3\"><span class=\"s1\">6. N\u00e4r du ska p\u00e5 en anst\u00e4llningsintervju eller f\u00e5r ett jobb<\/span><\/h3>\n<p class=\"p3\"><span class=\"s1\">V\u00e4nligen kontakta den lokala l\u00e4roavtalsanordnaren eller -central senast n\u00e4r intervjun eller jobbet bekr\u00e4ftats (ett anst\u00e4llningsavtal f\u00f6r minst fyra m\u00e5nader \u00e4r undertecknat). <a href=\"https:\/\/oppisopimus.fi\/sv\/laroavtalsanordnare\/\">L\u00e4roavtalsanordnaren<\/a> hj\u00e4lper dig sedan vidare.<\/span><\/p>\n","protected":false},"excerpt":{"rendered":"<p>En l\u00e4roavtalsutbildning kr\u00e4ver alltid ett jobb, som den studerande\u00a0m\u00e5ste hitta sj\u00e4lv. Kan n\u00e5gon av dina tidigare praktikplatser, sommarjobb eller PRAO-arbetsplatser, erbjuda dig m\u00f6jlighet f\u00f6r l\u00e4roavtalsutbildning? Alla arbetsgivare annonserar inte enskilt ut lediga platser, s\u00e5 du kan modigt\u00a0kontakta f\u00f6retag som intresserar dig och ber\u00e4tta om din vilja att arbeta och att avl\u00e4gga examen eller en del &hellip; <a href=\"https:\/\/oppisopimusfi-wp16282.test.cchosting.fi\/sv\/studerande\/arbetssokande\/\">L\u00e4s mer<\/a><\/p>\n","protected":false},"author":4,"featured_media":0,"parent":1207,"menu_order":0,"comment_status":"closed","ping_status":"closed","template":"","meta":{"_acf_changed":false,"footnotes":""},"acf":[],"yoast_head":"<title>Hur hittar jag ett jobb?<\/title>\n<meta name=\"description\" content=\"En l\u00e4roavtalsutbildning kr\u00e4ver alltid ett jobb, som den studerande\u00a0m\u00e5ste hitta sj\u00e4lv.Kan n\u00e5gon av dina tidigare praktikplatser, sommarjobb eller PRAO-arbetsplatser, erbjuda dig m\u00f6jlighet f\u00f6r l\u00e4roavtalsutbildning?\" \/>\n<meta name=\"robots\" content=\"index, follow, max-snippet:-1, max-image-preview:large, max-video-preview:-1\" \/>\n<link rel=\"canonical\" href=\"https:\/\/oppisopimus.fi\/sv\/studerande\/arbetssokande\/\" \/>\n<meta property=\"og:locale\" content=\"sv_SE\" \/>\n<meta property=\"og:type\" content=\"article\" \/>\n<meta property=\"og:title\" content=\"Hur hittar jag ett jobb?\" \/>\n<meta property=\"og:description\" content=\"En l\u00e4roavtalsutbildning kr\u00e4ver alltid ett jobb, som den studerande\u00a0m\u00e5ste hitta sj\u00e4lv.Kan n\u00e5gon av dina tidigare praktikplatser, sommarjobb eller PRAO-arbetsplatser, erbjuda dig m\u00f6jlighet f\u00f6r l\u00e4roavtalsutbildning?\" \/>\n<meta property=\"og:url\" content=\"https:\/\/oppisopimus.fi\/sv\/studerande\/arbetssokande\/\" \/>\n<meta property=\"og:site_name\" content=\"Oppisopimus\" \/>\n<meta property=\"article:publisher\" content=\"https:\/\/www.facebook.com\/oppisopimus.fi\/\" \/>\n<meta property=\"article:modified_time\" content=\"2023-03-13T16:43:23+00:00\" \/>\n<meta property=\"og:image\" content=\"https:\/\/oppisopimusfi-wp16282.test.cchosting.fi\/wp-content\/uploads\/2016\/09\/oppisopimus_fb.jpg\" \/>\n\t<meta property=\"og:image:width\" content=\"1860\" \/>\n\t<meta property=\"og:image:height\" content=\"970\" \/>\n\t<meta property=\"og:image:type\" content=\"image\/jpeg\" \/>\n<meta name=\"twitter:card\" content=\"summary_large_image\" \/>\n<meta name=\"twitter:site\" content=\"@oppisopimusfi\" \/>\n<meta name=\"twitter:label1\" content=\"Ber\u00e4knad l\u00e4stid\" \/>\n\t<meta name=\"twitter:data1\" content=\"3 minuter\" \/>\n<script type=\"application\/ld+json\" class=\"yoast-schema-graph\">{\"@context\":\"https:\/\/schema.org\",\"@graph\":[{\"@type\":\"WebPage\",\"@id\":\"https:\/\/oppisopimus.fi\/sv\/studerande\/arbetssokande\/\",\"url\":\"https:\/\/oppisopimus.fi\/sv\/studerande\/arbetssokande\/\",\"name\":\"Hur hittar jag ett jobb?\",\"isPartOf\":{\"@id\":\"https:\/\/oppisopimus.fi\/#website\"},\"datePublished\":\"2016-08-23T13:05:54+00:00\",\"dateModified\":\"2023-03-13T16:43:23+00:00\",\"description\":\"En l\u00e4roavtalsutbildning kr\u00e4ver alltid ett jobb, som den studerande\u00a0m\u00e5ste hitta sj\u00e4lv.Kan n\u00e5gon av dina tidigare praktikplatser, sommarjobb eller PRAO-arbetsplatser, erbjuda dig m\u00f6jlighet f\u00f6r l\u00e4roavtalsutbildning?\",\"breadcrumb\":{\"@id\":\"https:\/\/oppisopimus.fi\/sv\/studerande\/arbetssokande\/#breadcrumb\"},\"inLanguage\":\"sv-SE\",\"potentialAction\":[{\"@type\":\"ReadAction\",\"target\":[\"https:\/\/oppisopimus.fi\/sv\/studerande\/arbetssokande\/\"]}]},{\"@type\":\"BreadcrumbList\",\"@id\":\"https:\/\/oppisopimus.fi\/sv\/studerande\/arbetssokande\/#breadcrumb\",\"itemListElement\":[{\"@type\":\"ListItem\",\"position\":1,\"name\":\"Home\",\"item\":\"https:\/\/oppisopimus.fi\/sv\/\"},{\"@type\":\"ListItem\",\"position\":2,\"name\":\"F\u00f6r studerande\",\"item\":\"https:\/\/oppisopimus.fi\/sv\/studerande\/\"},{\"@type\":\"ListItem\",\"position\":3,\"name\":\"Hur hittar jag ett jobb?\"}]},{\"@type\":\"WebSite\",\"@id\":\"https:\/\/oppisopimus.fi\/#website\",\"url\":\"https:\/\/oppisopimus.fi\/\",\"name\":\"Oppisopimus\",\"description\":\"\",\"potentialAction\":[{\"@type\":\"SearchAction\",\"target\":{\"@type\":\"EntryPoint\",\"urlTemplate\":\"https:\/\/oppisopimus.fi\/search\/{search_term_string}\"},\"query-input\":\"required name=search_term_string\"}],\"inLanguage\":\"sv-SE\"}]}<\/script>","yoast_head_json":{"title":"Hur hittar jag ett jobb?","description":"En l\u00e4roavtalsutbildning kr\u00e4ver alltid ett jobb, som den studerande\u00a0m\u00e5ste hitta sj\u00e4lv.Kan n\u00e5gon av dina tidigare praktikplatser, sommarjobb eller PRAO-arbetsplatser, erbjuda dig m\u00f6jlighet f\u00f6r l\u00e4roavtalsutbildning?","robots":{"index":"index","follow":"follow","max-snippet":"max-snippet:-1","max-image-preview":"max-image-preview:large","max-video-preview":"max-video-preview:-1"},"canonical":"https:\/\/oppisopimus.fi\/sv\/studerande\/arbetssokande\/","og_locale":"sv_SE","og_type":"article","og_title":"Hur hittar jag ett jobb?","og_description":"En l\u00e4roavtalsutbildning kr\u00e4ver alltid ett jobb, som den studerande\u00a0m\u00e5ste hitta sj\u00e4lv.Kan n\u00e5gon av dina tidigare praktikplatser, sommarjobb eller PRAO-arbetsplatser, erbjuda dig m\u00f6jlighet f\u00f6r l\u00e4roavtalsutbildning?","og_url":"https:\/\/oppisopimus.fi\/sv\/studerande\/arbetssokande\/","og_site_name":"Oppisopimus","article_publisher":"https:\/\/www.facebook.com\/oppisopimus.fi\/","article_modified_time":"2023-03-13T16:43:23+00:00","og_image":[{"width":1860,"height":970,"url":"https:\/\/oppisopimusfi-wp16282.test.cchosting.fi\/wp-content\/uploads\/2016\/09\/oppisopimus_fb.jpg","type":"image\/jpeg"}],"twitter_card":"summary_large_image","twitter_site":"@oppisopimusfi","twitter_misc":{"Ber\u00e4knad l\u00e4stid":"3 minuter"},"schema":{"@context":"https:\/\/schema.org","@graph":[{"@type":"WebPage","@id":"https:\/\/oppisopimus.fi\/sv\/studerande\/arbetssokande\/","url":"https:\/\/oppisopimus.fi\/sv\/studerande\/arbetssokande\/","name":"Hur hittar jag ett jobb?","isPartOf":{"@id":"https:\/\/oppisopimus.fi\/#website"},"datePublished":"2016-08-23T13:05:54+00:00","dateModified":"2023-03-13T16:43:23+00:00","description":"En l\u00e4roavtalsutbildning kr\u00e4ver alltid ett jobb, som den studerande\u00a0m\u00e5ste hitta sj\u00e4lv.Kan n\u00e5gon av dina tidigare praktikplatser, sommarjobb eller PRAO-arbetsplatser, erbjuda dig m\u00f6jlighet f\u00f6r l\u00e4roavtalsutbildning?","breadcrumb":{"@id":"https:\/\/oppisopimus.fi\/sv\/studerande\/arbetssokande\/#breadcrumb"},"inLanguage":"sv-SE","potentialAction":[{"@type":"ReadAction","target":["https:\/\/oppisopimus.fi\/sv\/studerande\/arbetssokande\/"]}]},{"@type":"BreadcrumbList","@id":"https:\/\/oppisopimus.fi\/sv\/studerande\/arbetssokande\/#breadcrumb","itemListElement":[{"@type":"ListItem","position":1,"name":"Home","item":"https:\/\/oppisopimus.fi\/sv\/"},{"@type":"ListItem","position":2,"name":"F\u00f6r studerande","item":"https:\/\/oppisopimus.fi\/sv\/studerande\/"},{"@type":"ListItem","position":3,"name":"Hur hittar jag ett jobb?"}]},{"@type":"WebSite","@id":"https:\/\/oppisopimus.fi\/#website","url":"https:\/\/oppisopimus.fi\/","name":"Oppisopimus","description":"","potentialAction":[{"@type":"SearchAction","target":{"@type":"EntryPoint","urlTemplate":"https:\/\/oppisopimus.fi\/search\/{search_term_string}"},"query-input":"required name=search_term_string"}],"inLanguage":"sv-SE"}]}},"_links":{"self":[{"href":"https:\/\/oppisopimusfi-wp16282.test.cchosting.fi\/sv\/wp-json\/wp\/v2\/pages\/1397"}],"collection":[{"href":"https:\/\/oppisopimusfi-wp16282.test.cchosting.fi\/sv\/wp-json\/wp\/v2\/pages"}],"about":[{"href":"https:\/\/oppisopimusfi-wp16282.test.cchosting.fi\/sv\/wp-json\/wp\/v2\/types\/page"}],"author":[{"embeddable":true,"href":"https:\/\/oppisopimusfi-wp16282.test.cchosting.fi\/sv\/wp-json\/wp\/v2\/users\/4"}],"replies":[{"embeddable":true,"href":"https:\/\/oppisopimusfi-wp16282.test.cchosting.fi\/sv\/wp-json\/wp\/v2\/comments?post=1397"}],"version-history":[{"count":11,"href":"https:\/\/oppisopimusfi-wp16282.test.cchosting.fi\/sv\/wp-json\/wp\/v2\/pages\/1397\/revisions"}],"predecessor-version":[{"id":6172,"href":"https:\/\/oppisopimusfi-wp16282.test.cchosting.fi\/sv\/wp-json\/wp\/v2\/pages\/1397\/revisions\/6172"}],"up":[{"embeddable":true,"href":"https:\/\/oppisopimusfi-wp16282.test.cchosting.fi\/sv\/wp-json\/wp\/v2\/pages\/1207"}],"wp:attachment":[{"href":"https:\/\/oppisopimusfi-wp16282.test.cchosting.fi\/sv\/wp-json\/wp\/v2\/media?parent=1397"}],"curies":[{"name":"wp","href":"https:\/\/api.w.org\/{rel}","templated":true}]}}