{"id":1211,"date":"2016-08-16T09:28:41","date_gmt":"2016-08-16T06:28:41","guid":{"rendered":"https:\/\/oppisopimusfi-wp16282.test.cchosting.fi\/sv\/for-studerande\/oppisopimuskoulutus\/"},"modified":"2022-01-20T15:07:34","modified_gmt":"2022-01-20T13:07:34","slug":"laroavtalsutbildning","status":"publish","type":"page","link":"https:\/\/oppisopimusfi-wp16282.test.cchosting.fi\/sv\/studerande\/laroavtalsutbildning\/","title":{"rendered":"L\u00e4roavtalsutbildning f\u00f6r studerande"},"content":{"rendered":"<h2>Vad \u00e4r ett l\u00e4roavtal?<\/h2>\n<p>L\u00e4roavtalet \u00e4r ett tidsbest\u00e4mt arbetsavtal d\u00e4r arbetsgivaren utbildar den anst\u00e4llda \u2013 antingen en nyanst\u00e4lld eller en redan anst\u00e4lld person. Den studerande kan avl\u00e4gga en examen eller en examensdel p\u00e5 flera olika arbetsplatser. Alla examina som finns inom andra stadiets yrkesutbildning kan avl\u00e4ggas som l\u00e4roavtalsutbildning. En examen som har avlagts p\u00e5 l\u00e4roavtal ger samma beh\u00f6righet f\u00f6r fortsatta studier som en examen avlagd p\u00e5 ett yrkesinstitut eller ett gymnasium ger. Den ger \u00e4ven samma kompetens som en examen avlagd p\u00e5 ett yrkesinstitut ger.<\/p>\n<p>En l\u00e4roavtalsstuderande utbildar sig genom att l\u00e4ra sig i arbetet, f\u00e5r l\u00f6n f\u00f6r utf\u00f6rt arbete och ocks\u00e5 arbetserfarenhet.<\/p>\n<p>Genom l\u00e4roavtal kan du ocks\u00e5 fortbilda dig eftersom du kan avl\u00e4gga enskilda examensdelar, inte bara hela examina. Alla som \u00e4r 15 \u00e5r eller \u00e4ldre kan studera p\u00e5 l\u00e4roavtal. L\u00e4roavtalet \u00e4r ett arbetslivsn\u00e4ra s\u00e4tt<\/p>\n<ul>\n<li>att studera till ett yrke<\/li>\n<li>att byta bransch<\/li>\n<li>att f\u00e5 betyg p\u00e5 sitt kunnande<\/li>\n<li>att slutf\u00f6ra studier som l\u00e4mnat p\u00e5 h\u00e4lft eller<\/li>\n<li>att skaffa till\u00e4ggsutbildning.<\/li>\n<\/ul>\n<p>Det finns \u00f6ver 160 olika examina och flera tusen examensdelar att v\u00e4lja mellan.<\/p>\n<h2>L\u00e4roavtalets parter<\/h2>\n<p>L\u00e4roavtalets parter \u00e4r:<\/p>\n<ul>\n<li>Den studerande (avl\u00e4gger en examen elelr en del av en examen)<\/li>\n<li>Arbetsgivaren (har ing\u00e5tt ett arbetsavtal med den studerande)<\/li>\n<li>L\u00e4roanstalten (studier sker \u00e4ven h\u00e4r eller i l\u00e4roanstaltens l\u00e4rmilj\u00f6er)<\/li>\n<li>L\u00e4roavtalsanordnaren (handhar avtals\u00e4rendena, betalar eventuella utbildningsers\u00e4ttningar till arbetsgivaren, ordnar undervisning, betalar eventuella studiesociala f\u00f6rm\u00e5ner)<\/li>\n<\/ul>\n<p>F\u00f6r att studera p\u00e5 l\u00e4roavtal m\u00e5ste du ha en arbetsplats. P\u00e5 arbetsplatsen handleds du av en arbetsplatshandledare som t.ex. kan vara din f\u00f6rman eller kollega. Arbetsplatshandledaren \u00e4r din st\u00f6dperson och din r\u00e5dgivare p\u00e5 arbetsplatsen.<\/p>\n<p>I ett l\u00e4roavtal ing\u00e5r det vanligen \u00e4ven studier p\u00e5 en l\u00e4roanstalt.<\/p>\n<p>L\u00e4roavtalsanordnaren sk\u00f6ter om avtalsenliga arrangemang och har ansvar f\u00f6r att en plan \u00f6ver studierna uppg\u00f6rs i samr\u00e5d med \u00f6vriga parter.<\/p>\n<h2>avgifter f\u00f6r l\u00e4roavtalsstudier<\/h2>\n<p>F\u00f6r att studera till en grundexamen uppb\u00e4rs ingen avgift men utbidlningsarrang\u00f6ren kan ta en avgift f\u00f6r yrkes- eller\u00a0 specialyrkesexamensstudier.<\/p>\n<h2>studierna p\u00e5 arbetsplasten<\/h2>\n<p>St\u00f6rtsa delen av eller i vissa fall allt l\u00e4rande sker p\u00e5 arbetsplasten. Arbetsm\u00e4ngden per vecka ska uppg\u00e5 till minst 25 timmar i medeltal. Den studerande \u00e4r i ett arbetsf\u00f6rh\u00e5llande och hen \u00e4r en j\u00e4mb\u00f6rdig medlem i arbetsgemenskapen. F\u00f6r utf\u00f6rt arbete f\u00e5r hen l\u00f6n. En utn\u00e4mnd arbetsplatshandledare handleder den studerande p\u00e5 arbetsplatsen, till exempel en f\u00f6rman eller en annan anst\u00e4lld.\u00a0 Den studerande f\u00e5r ansvar och hen l\u00e4r sig genom att utf\u00f6ra verkliga arbetsuppgifter. De arbetsuppgifter som en l\u00e4roavtalsstuderande utf\u00f6r ska motsvara kraven p\u00e5 yrkesskicklighet som finns i examensgrunderna.<\/p>\n<p>&nbsp;<\/p>\n<h2>studierna i utbildningsarrang\u00f6rens l\u00e4rmilj\u00f6er<\/h2>\n<p>Examensutbildningen kan omfatta studier i en l\u00e4roanstalt och i virtuella milj\u00f6er till exempel 1-4 dagar i m\u00e5naden. De h\u00e4r studierna \u00e4r till nytta i det praktiska arbetet. Inl\u00e4rningsuppgifterna ber\u00f6r det egna arbetet, arbetss\u00e4tten och \u2013praxisen. Det \u00e4r l\u00e4roavtalsarrang\u00f6ren som b\u00e5de skaffar och bekostar studierna i l\u00e4roanstalten eller de virtuella studierna. L\u00e4roanstaltens l\u00e4rare handhar den utbildning som ges i en l\u00e4roanstalt och de handleder den studerande. L\u00e4raren f\u00f6ljer \u00e4ven med hur studierna framskrider. \u00a0Tillsammans med l\u00e4raren utv\u00e4rderar \u00e4ven den studerande sina studier.<\/p>\n<h2>l\u00e4roavtalets l\u00e4ngd<\/h2>\n<p>P\u00e5 l\u00e4roavtal kan man avl\u00e4gga en hel examen eller enstaka examensdelar. L\u00e4ngden p\u00e5 ett l\u00e4roavtal varierar allt ifr\u00e5n till exempel n\u00e5gon m\u00e5nad till flera \u00e5r. Att avl\u00e4gga en grundexamen tar vanligen 2-3 \u00e5r och att avl\u00e4gga en yrkes- eller en specialyrkesexaemn ungef\u00e4r 1-1,5 \u00e5r. L\u00e4ngden p\u00e5 studierna beror p\u00e5 den studerandes \u00f6nskem\u00e5l samt tidigare f\u00f6rv\u00e4rvade yrkeskunskaper.<\/p>\n<h2>intresserar l\u00e4roavtal? b\u00f6rja n\u00e4r som helst!<br \/>\n\u2013 ta kontakt!<\/h2>\n<p>Om du genast vill fr\u00e5ga n\u00e5got, kontakta din regions l\u00e4roavtalsakt\u00f6r!<\/p>\n<p>M\u00e5nga l\u00e4roavtalsarrang\u00f6rer ordnar \u00f6ppna infotillf\u00e4llen som \u00e4r avsedda f\u00f6r dem som \u00e4r intresserade av l\u00e4roavtal och vill ha mera k\u00f6tt p\u00e5 benen om saken. Checka tidtabellen f\u00f6r eventuella infon p\u00e5 l\u00e4roavtalsakt\u00f6rens webbplats!<\/p>\n<p>S\u00f6k din <a href=\"https:\/\/oppisopimus.fi\/sv\/laroavtalsanordnare\/\">lokala utbildningsanordnare<\/a>.<\/p>\n","protected":false},"excerpt":{"rendered":"<p>Vad \u00e4r ett l\u00e4roavtal? L\u00e4roavtalet \u00e4r ett tidsbest\u00e4mt arbetsavtal d\u00e4r arbetsgivaren utbildar den anst\u00e4llda \u2013 antingen en nyanst\u00e4lld eller en redan anst\u00e4lld person. Den studerande kan avl\u00e4gga en examen eller en examensdel p\u00e5 flera olika arbetsplatser. Alla examina som finns inom andra stadiets yrkesutbildning kan avl\u00e4ggas som l\u00e4roavtalsutbildning. En examen som har avlagts p\u00e5 l\u00e4roavtal &hellip; <a href=\"https:\/\/oppisopimusfi-wp16282.test.cchosting.fi\/sv\/studerande\/laroavtalsutbildning\/\">L\u00e4s mer<\/a><\/p>\n","protected":false},"author":2,"featured_media":0,"parent":1207,"menu_order":0,"comment_status":"closed","ping_status":"closed","template":"","meta":{"_acf_changed":false,"footnotes":""},"acf":[],"yoast_head":"<title>L\u00e4roavtal f\u00f6r stunderande<\/title>\n<meta name=\"description\" content=\"Avl\u00e4gg examen eller byt bransch. Inled dina studier n\u00e4r som helst under \u00e5rets lopp. Flexibelt med l\u00e4roavtal!\" \/>\n<meta name=\"robots\" content=\"index, follow, max-snippet:-1, max-image-preview:large, max-video-preview:-1\" \/>\n<link rel=\"canonical\" href=\"https:\/\/oppisopimus.fi\/sv\/studerande\/laroavtalsutbildning\/\" \/>\n<meta property=\"og:locale\" content=\"sv_SE\" \/>\n<meta property=\"og:type\" content=\"article\" \/>\n<meta property=\"og:title\" content=\"L\u00e4roavtal f\u00f6r stunderande\" \/>\n<meta property=\"og:description\" content=\"Avl\u00e4gg examen eller byt bransch. Inled dina studier n\u00e4r som helst under \u00e5rets lopp. Flexibelt med l\u00e4roavtal!\" \/>\n<meta property=\"og:url\" content=\"https:\/\/oppisopimus.fi\/sv\/studerande\/laroavtalsutbildning\/\" \/>\n<meta property=\"og:site_name\" content=\"Oppisopimus\" \/>\n<meta property=\"article:publisher\" content=\"https:\/\/www.facebook.com\/oppisopimus.fi\/\" \/>\n<meta property=\"article:modified_time\" content=\"2022-01-20T13:07:34+00:00\" \/>\n<meta property=\"og:image\" content=\"https:\/\/oppisopimusfi-wp16282.test.cchosting.fi\/wp-content\/uploads\/2016\/09\/oppisopimus_fb.jpg\" \/>\n\t<meta property=\"og:image:width\" content=\"1860\" \/>\n\t<meta property=\"og:image:height\" content=\"970\" \/>\n\t<meta property=\"og:image:type\" content=\"image\/jpeg\" \/>\n<meta name=\"twitter:card\" content=\"summary_large_image\" \/>\n<meta name=\"twitter:site\" content=\"@oppisopimusfi\" \/>\n<meta name=\"twitter:label1\" content=\"Ber\u00e4knad l\u00e4stid\" \/>\n\t<meta name=\"twitter:data1\" content=\"4 minuter\" \/>\n<script type=\"application\/ld+json\" class=\"yoast-schema-graph\">{\"@context\":\"https:\/\/schema.org\",\"@graph\":[{\"@type\":\"WebPage\",\"@id\":\"https:\/\/oppisopimus.fi\/sv\/studerande\/laroavtalsutbildning\/\",\"url\":\"https:\/\/oppisopimus.fi\/sv\/studerande\/laroavtalsutbildning\/\",\"name\":\"L\u00e4roavtal f\u00f6r stunderande\",\"isPartOf\":{\"@id\":\"https:\/\/oppisopimus.fi\/#website\"},\"datePublished\":\"2016-08-16T06:28:41+00:00\",\"dateModified\":\"2022-01-20T13:07:34+00:00\",\"description\":\"Avl\u00e4gg examen eller byt bransch. Inled dina studier n\u00e4r som helst under \u00e5rets lopp. Flexibelt med l\u00e4roavtal!\",\"breadcrumb\":{\"@id\":\"https:\/\/oppisopimus.fi\/sv\/studerande\/laroavtalsutbildning\/#breadcrumb\"},\"inLanguage\":\"sv-SE\",\"potentialAction\":[{\"@type\":\"ReadAction\",\"target\":[\"https:\/\/oppisopimus.fi\/sv\/studerande\/laroavtalsutbildning\/\"]}]},{\"@type\":\"BreadcrumbList\",\"@id\":\"https:\/\/oppisopimus.fi\/sv\/studerande\/laroavtalsutbildning\/#breadcrumb\",\"itemListElement\":[{\"@type\":\"ListItem\",\"position\":1,\"name\":\"Home\",\"item\":\"https:\/\/oppisopimus.fi\/sv\/\"},{\"@type\":\"ListItem\",\"position\":2,\"name\":\"F\u00f6r studerande\",\"item\":\"https:\/\/oppisopimus.fi\/sv\/studerande\/\"},{\"@type\":\"ListItem\",\"position\":3,\"name\":\"L\u00e4roavtalsutbildning f\u00f6r studerande\"}]},{\"@type\":\"WebSite\",\"@id\":\"https:\/\/oppisopimus.fi\/#website\",\"url\":\"https:\/\/oppisopimus.fi\/\",\"name\":\"Oppisopimus\",\"description\":\"\",\"potentialAction\":[{\"@type\":\"SearchAction\",\"target\":{\"@type\":\"EntryPoint\",\"urlTemplate\":\"https:\/\/oppisopimus.fi\/search\/{search_term_string}\"},\"query-input\":\"required name=search_term_string\"}],\"inLanguage\":\"sv-SE\"}]}<\/script>","yoast_head_json":{"title":"L\u00e4roavtal f\u00f6r stunderande","description":"Avl\u00e4gg examen eller byt bransch. Inled dina studier n\u00e4r som helst under \u00e5rets lopp. Flexibelt med l\u00e4roavtal!","robots":{"index":"index","follow":"follow","max-snippet":"max-snippet:-1","max-image-preview":"max-image-preview:large","max-video-preview":"max-video-preview:-1"},"canonical":"https:\/\/oppisopimus.fi\/sv\/studerande\/laroavtalsutbildning\/","og_locale":"sv_SE","og_type":"article","og_title":"L\u00e4roavtal f\u00f6r stunderande","og_description":"Avl\u00e4gg examen eller byt bransch. Inled dina studier n\u00e4r som helst under \u00e5rets lopp. Flexibelt med l\u00e4roavtal!","og_url":"https:\/\/oppisopimus.fi\/sv\/studerande\/laroavtalsutbildning\/","og_site_name":"Oppisopimus","article_publisher":"https:\/\/www.facebook.com\/oppisopimus.fi\/","article_modified_time":"2022-01-20T13:07:34+00:00","og_image":[{"width":1860,"height":970,"url":"https:\/\/oppisopimusfi-wp16282.test.cchosting.fi\/wp-content\/uploads\/2016\/09\/oppisopimus_fb.jpg","type":"image\/jpeg"}],"twitter_card":"summary_large_image","twitter_site":"@oppisopimusfi","twitter_misc":{"Ber\u00e4knad l\u00e4stid":"4 minuter"},"schema":{"@context":"https:\/\/schema.org","@graph":[{"@type":"WebPage","@id":"https:\/\/oppisopimus.fi\/sv\/studerande\/laroavtalsutbildning\/","url":"https:\/\/oppisopimus.fi\/sv\/studerande\/laroavtalsutbildning\/","name":"L\u00e4roavtal f\u00f6r stunderande","isPartOf":{"@id":"https:\/\/oppisopimus.fi\/#website"},"datePublished":"2016-08-16T06:28:41+00:00","dateModified":"2022-01-20T13:07:34+00:00","description":"Avl\u00e4gg examen eller byt bransch. Inled dina studier n\u00e4r som helst under \u00e5rets lopp. Flexibelt med l\u00e4roavtal!","breadcrumb":{"@id":"https:\/\/oppisopimus.fi\/sv\/studerande\/laroavtalsutbildning\/#breadcrumb"},"inLanguage":"sv-SE","potentialAction":[{"@type":"ReadAction","target":["https:\/\/oppisopimus.fi\/sv\/studerande\/laroavtalsutbildning\/"]}]},{"@type":"BreadcrumbList","@id":"https:\/\/oppisopimus.fi\/sv\/studerande\/laroavtalsutbildning\/#breadcrumb","itemListElement":[{"@type":"ListItem","position":1,"name":"Home","item":"https:\/\/oppisopimus.fi\/sv\/"},{"@type":"ListItem","position":2,"name":"F\u00f6r studerande","item":"https:\/\/oppisopimus.fi\/sv\/studerande\/"},{"@type":"ListItem","position":3,"name":"L\u00e4roavtalsutbildning f\u00f6r studerande"}]},{"@type":"WebSite","@id":"https:\/\/oppisopimus.fi\/#website","url":"https:\/\/oppisopimus.fi\/","name":"Oppisopimus","description":"","potentialAction":[{"@type":"SearchAction","target":{"@type":"EntryPoint","urlTemplate":"https:\/\/oppisopimus.fi\/search\/{search_term_string}"},"query-input":"required name=search_term_string"}],"inLanguage":"sv-SE"}]}},"_links":{"self":[{"href":"https:\/\/oppisopimusfi-wp16282.test.cchosting.fi\/sv\/wp-json\/wp\/v2\/pages\/1211"}],"collection":[{"href":"https:\/\/oppisopimusfi-wp16282.test.cchosting.fi\/sv\/wp-json\/wp\/v2\/pages"}],"about":[{"href":"https:\/\/oppisopimusfi-wp16282.test.cchosting.fi\/sv\/wp-json\/wp\/v2\/types\/page"}],"author":[{"embeddable":true,"href":"https:\/\/oppisopimusfi-wp16282.test.cchosting.fi\/sv\/wp-json\/wp\/v2\/users\/2"}],"replies":[{"embeddable":true,"href":"https:\/\/oppisopimusfi-wp16282.test.cchosting.fi\/sv\/wp-json\/wp\/v2\/comments?post=1211"}],"version-history":[{"count":11,"href":"https:\/\/oppisopimusfi-wp16282.test.cchosting.fi\/sv\/wp-json\/wp\/v2\/pages\/1211\/revisions"}],"predecessor-version":[{"id":5292,"href":"https:\/\/oppisopimusfi-wp16282.test.cchosting.fi\/sv\/wp-json\/wp\/v2\/pages\/1211\/revisions\/5292"}],"up":[{"embeddable":true,"href":"https:\/\/oppisopimusfi-wp16282.test.cchosting.fi\/sv\/wp-json\/wp\/v2\/pages\/1207"}],"wp:attachment":[{"href":"https:\/\/oppisopimusfi-wp16282.test.cchosting.fi\/sv\/wp-json\/wp\/v2\/media?parent=1211"}],"curies":[{"name":"wp","href":"https:\/\/api.w.org\/{rel}","templated":true}]}}